{"id":2249,"date":"2018-12-20T21:51:29","date_gmt":"2018-12-20T21:51:29","guid":{"rendered":"https:\/\/www.natruly.eu\/?page_id=2249"},"modified":"2020-02-21T09:10:38","modified_gmt":"2020-02-21T09:10:38","slug":"polityka-prywatnosci","status":"publish","type":"page","link":"https:\/\/www.natruly.eu\/?page_id=2249","title":{"rendered":"Polityka prywatno\u015bci"},"content":{"rendered":"<p>[et_pb_section fb_built=&#8221;1&#8243; fullwidth=&#8221;on&#8221; _builder_version=&#8221;3.22&#8243;][et_pb_fullwidth_image src=&#8221;https:\/\/www.natruly.eu\/wp-content\/uploads\/2020\/02\/PRIVACY.png&#8221; _builder_version=&#8221;4.3.2&#8243; hover_enabled=&#8221;0&#8243;][\/et_pb_fullwidth_image][\/et_pb_section][et_pb_section fb_built=&#8221;1&#8243; _builder_version=&#8221;3.22&#8243;][et_pb_row _builder_version=&#8221;3.25&#8243; background_size=&#8221;initial&#8221; background_position=&#8221;top_left&#8221; background_repeat=&#8221;repeat&#8221;][et_pb_column type=&#8221;4_4&#8243; _builder_version=&#8221;3.25&#8243; custom_padding=&#8221;|||&#8221; custom_padding__hover=&#8221;|||&#8221;][et_pb_text _builder_version=&#8221;4.3.2&#8243; text_font=&#8221;||||||||&#8221; ul_font=&#8221;||||||||&#8221; ol_font=&#8221;||||||||&#8221; header_font=&#8221;||||||||&#8221; header_2_font=&#8221;||||||||&#8221; header_3_font=&#8221;||||||||&#8221; header_4_font=&#8221;||||||||&#8221; hover_enabled=&#8221;0&#8243;]<\/p>\n<h2>Polityka prywatno\u015bci Serwisu www.natruly.eu<\/h2>\n<p><strong>INFORMACJA ADMINISTRATORA DANYCH OSOBOWYCH SPORZ\u0104DZONA NA PODSTAWIE ART. 13 UST. 1 i 2 OG\u00d3LNEGO ROZPORZ\u0104DZENIA O OCHRONIE DANYCH (RODO)<\/strong><\/p>\n<p><strong>\u00a0<\/strong>W zwi\u0105zku z wej\u015bciem w \u017cycie i konieczno\u015bci\u0105 stosowania Rozporz\u0105dzenia Parlamentu Europejskiego i Rady (UE) 2016\/679 z dnia 27 kwietnia 2016 r. w sprawie ochrony os\u00f3b fizycznych w zwi\u0105zku z przetwarzaniem danych osobowych i w sprawie swobodnego przep\u0142ywu takich danych oraz uchylenia dyrektywy 95\/46\/WE (og\u00f3lne rozporz\u0105dzenie o ochronie danych) (zwanego dalej <strong>Rozporz\u0105dzeniem<\/strong>) NATRULY Artur Kasprzyk\u00a0 (zwany dalej tak\u017ce: <strong>Serwisem<\/strong>) b\u0119d\u0105ca w\u0142a\u015bcicielem domeny internetowej<br \/> <strong>www.natruly.eu<\/strong> przedstawia poni\u017csze informacje dotycz\u0105ce zasad przetwarzania Pani\/Pana danych osobowych.<\/p>\n<h4>1.Informacje og\u00f3lne<\/h4>\n<p>Niniejsza Polityka Prywatno\u015bci okre\u015bla zasady przetwarzania i ochrony danych osobowych przekazanych przez U\u017cytkownik\u00f3w w zwi\u0105zku z korzystaniem przez nich z us\u0142ug zakupu produkt\u00f3w poprzez Serwis.<\/p>\n<h4>2. Administratorem danych osobowych<\/h4>\n<p>zawartych w Serwisie jest<\/p>\n<p>NATRULY Artur Kasprzyk z siedzib\u0105 w Borkowice 11A, 55-120 OBORNIKI \u015aL\u0104SKIE NIP 894 114 34 92 REGON 932817610<\/p>\n<h4>3. W trosce o bezpiecze\u0144stwo powierzonych nam danych<\/h4>\n<p>opracowali\u015bmy wewn\u0119trzne procedury i zalecenia, kt\u00f3re maj\u0105 zapobiec udost\u0119pnieniu danych osobom nieupowa\u017cnionym. Kontrolujemy ich wykonywanie i stale sprawdzamy ich zgodno\u015b\u0107 z odpowiednimi aktami prawnymi &#8211; ustaw\u0105 o ochronie danych osobowych, ustaw\u0105 o \u015bwiadczeniu us\u0142ug drog\u0105 elektroniczn\u0105, a tak\u017ce wszelkiego rodzaju aktach wykonawczych i aktach prawa wsp\u00f3lnotowego.<\/p>\n<h4>4. Dane Osobowe przetwarzane s\u0105 na podstawie zgody<\/h4>\n<p>wyra\u017canej przez U\u017cytkownika oraz w przypadkach, w kt\u00f3rych przepisy prawa upowa\u017cniaj\u0105 Administratora do przetwarzania danych osobowych na podstawie przepis\u00f3w prawa lub w celu realizacji zawartej pomi\u0119dzy stronami umowy.<\/p>\n<h4>5. Serwis realizuje funkcje pozyskiwania informacji<\/h4>\n<p>o u\u017cytkownikach i ich zachowaniach w nast\u0119puj\u0105cy spos\u00f3b:<\/p>\n<ul>\n<li>poprzez dobrowolnie wprowadzone w formularzach informacje,<\/li>\n<li>poprzez gromadzenie plik\u00f3w \u201ccookies\u201d (patrz <a href=\"https:\/\/www.natruly.eu\/?page_id=2268\" target=\"_blank\" rel=\"noopener noreferrer\">polityka plik\u00f3w cookies<\/a>).<\/li>\n<\/ul>\n<h4>6. Serwis zbiera informacje<\/h4>\n<p>dobrowolnie podane przez u\u017cytkownika.<\/p>\n<p>W przypadku, gdy podanie danych osobowych nast\u0119puje w celu zawarcia umowy z Serwisem, podanie danych osobowych jest warunkiem zawarcia tej Umowy. Podanie danych osobowych w tej sytuacji jest dobrowolne, jednak konsekwencj\u0105 niepodania tych danych b\u0119dzie brak mo\u017cliwo\u015bci zawarcia umowy z Serwisem.<\/p>\n<p>W przypadku, gdy podanie danych osobowych nast\u0119puje w celu przekazania danych osobowych do Twisto Polska sp. z o.o. przed zawarciem umowy sprzeda\u017cy towaru (lub us\u0142ugi) nabywanego w SSerwisie, przekazanie tych danych jest warunkiem zawarcia umowy sprzeda\u017cy w zwi\u0105zku modelem biznesowym prowadzenia dzia\u0142alno\u015bci\u00a0 przyj\u0119tym przez Serwis.<\/p>\n<p>W przypadku przekazania danych osobowych do Banku w zwi\u0105zku z obs\u0142ug\u0105 i\u00a0rozliczaniem p\u0142atno\u015bci dokonywanych na rzecz Serwisu przez Internet przy u\u017cyciu instrument\u00f3w p\u0142atniczych, podanie danych jest wymagane w celu realizacji p\u0142atno\u015bci i przekazania potwierdzenia jej dokonania przez Bank na rzecz Serwisu.<\/p>\n<p>W przypadku przekazania danych osobowych do Banku w celu weryfikacji przez Bank nale\u017cytego wykonania um\u00f3w zawartych ze Sklepem internetowym, w szczeg\u00f3lno\u015bci zapewnienia ochrony interes\u00f3w p\u0142atnik\u00f3w w zwi\u0105zku ze sk\u0142adanymi przez nich reklamacjami podanie tych danych jest wymagane w celu umo\u017cliwienia realizacji umowy zawartej pomi\u0119dzy Serwisem a Bankiem.<\/p>\n<p>W przypadku przekazania danych osobowych do Twisto Polska sp. z o.o. w zwi\u0105zku z mo\u017cliwo\u015bci\u0105 zaproponowania Pani\/Panu dokonania zap\u0142aty ceny za nabyty przez Pani\u0105\/Pana towar lub us\u0142ug\u0119 przez Twisto Polska sp. z o.o. w ramach umowy zlecenia obejmuj\u0105cej formu\u0142\u0119 zakupow\u0105 \u201eKup z Twisto\u201d i udost\u0119pnieniem tej formu\u0142y przez Serwis, podanie tych danych i przetwarzanie ich w tym celu jest wymagane w zwi\u0105zku modelem biznesowym prowadzenia dzia\u0142alno\u015bci przyj\u0119tym przez Serwis i w celu realizacji umowy zawartej pomi\u0119dzy Serwisem a Twisto Polska Sp. z o.o.<\/p>\n<h4>7. Zakres przetwarzanych danych nie jest wi\u0119kszy, ni\u017c:<\/h4>\n<p>imi\u0119 i nazwisko, adres poczty elektronicznej (e\u2013mail), numer telefonu, adres zamieszkania, numer NIP, numer PESEL.<\/p>\n<h4>8. W przypadku, gdy przetwarzanie danych osobowych odbywa si\u0119 na podstawie zgody,<\/h4>\n<p>osoba, kt\u00f3ra udzieli\u0142a zgody posiada prawo do jej wycofania w dowolnym momencie. Cofni\u0119cie zgody nie wp\u0142ywa na przetwarzanie danych przed cofni\u0119ciem zgody ani podstaw\u0119 prawn\u0105 tego przetwarzania.<\/p>\n<p>Osoba, kt\u00f3ra udzieli\u0142a zgody ma prawo z\u0142o\u017cenia \u017c\u0105dania z zakresu informacji o danych lub ich przetwarzania w formie elektronicznej.<\/p>\n<h4>9. Serwis przetwarza dane osobowe w nast\u0119puj\u0105cych celach:<\/h4>\n<ol>\n<li>realizacji transakcji wynikaj\u0105cej ze z\u0142o\u017cenia zam\u00f3wienia w Serwisie.<\/li>\n<li>przekazania Pani\/Pana danych osobowych do ING Banku \u015al\u0105skiego S.A. (<strong>Bank<\/strong>) w\u00a0zwi\u0105zku z:\n<ul>\n<li>\u015bwiadczeniem przez Bank na rzecz Sklepu internetowego us\u0142ugi udost\u0119pnienia infrastruktury do obs\u0142ugi p\u0142atno\u015bci przez Internet (podstawa prawna:<br \/> 6 ust. 1 lit. f) Rozporz\u0105dzenia).<\/li>\n<li>obs\u0142ug\u0105 i rozliczaniem przez Bank p\u0142atno\u015bci dokonywanych przez klient\u00f3w Sklepu internetowego przez Internet przy u\u017cyciu instrument\u00f3w p\u0142atniczych<br \/> (podstawa prawna: art. 6 ust. 1 lit. f) Rozporz\u0105dzenia).<\/li>\n<li>w celu weryfikacji przez Bank nale\u017cytego wykonania um\u00f3w zawartych ze Sklepem internetowym, w szczeg\u00f3lno\u015bci zapewnienia ochrony interes\u00f3w p\u0142atnik\u00f3w w zwi\u0105zku ze sk\u0142adanymi przez nich reklamacjami (podstawa prawna:<br \/> 6 ust. 1 lit. f) Rozporz\u0105dzenia).<\/li>\n<\/ul>\n<\/li>\n<li>przekazania Pani\/Pana danych osobowych do Twisto Polska sp. z o.o. w zwi\u0105zku z\u00a0mo\u017cliwo\u015bci\u0105 zaproponowania dokonania zap\u0142aty za nabyty towar lub us\u0142ug\u0119 przez Twisto Polska sp. z o.o. w ramach umowy zlecenia obejmuj\u0105cej formu\u0142\u0119 zakupow\u0105 \u201eKup z Twisto\u201d i udost\u0119pnieniem tej formu\u0142y zakupowej przez Sklep internetowy, a tak\u017ce celu weryfikacji przez Twisto Polska Sp. z o.o. nale\u017cytego wykonania takich um\u00f3w zlecenie (podstawa prawna: art. 6 ust. 1 lit. f) Rozporz\u0105dzenia).<\/li>\n<li>Poza celami wskazanymi w ust. 1-3 (cel pierwszorz\u0119dny), Serwis mo\u017ce przetwarza\u0107 Pani\/Pana dane osobowe w innych prawnie dopuszczalnych celach (cel drugorz\u0119dny), gdy cel pierwszorz\u0119dny i drugorz\u0119dny s\u0105 ze sob\u0105 \u015bci\u015ble powi\u0105zane. W ramach takiego przetwarzania Sklep internetowy dzia\u0142aj\u0105c na podstawie 6 ust. 1 lit. f) Rozporz\u0105dzenia, przewiduje przetwarzanie danych osobowych tak\u017ce w nast\u0119puj\u0105cych celach drugorz\u0119dnych:\n<ul>\n<li>obs\u0142uga zapyta\u0144 o dostarczenie informacji,<\/li>\n<li>obs\u0142uga reklamacji,<\/li>\n<li>obs\u0142uga jawnie z\u0142o\u017conego zainteresowania o nowo\u015bciach.<\/li>\n<\/ul>\n<\/li>\n<li>Przetwarzanie\u00a0 danych osobowych w celach okre\u015blonych w ust. 1 &#8211; 4 nast\u0119powa\u0107 b\u0119dzie w zwi\u0105zku z istnieniem prawnie uzasadnianego interesu realizowanego przez Serwis.<\/li>\n<li>\u00a0W zwi\u0105zku z przetwarzaniem danych osobowych w celach okre\u015blonych w ust. 2 i 3, dane osobowe mog\u0105 zosta\u0107 udost\u0119pnione przez Serwis innym odbiorcom lub kategoriom odbiorc\u00f3w danych osobowych, kt\u00f3rymi mog\u0105 by\u0107:\n<ul>\n<li>ING Bank \u015al\u0105ski S.A.<\/li>\n<li>Twisto Polska sp. z o.o.<\/li>\n<\/ul>\n<\/li>\n<\/ol>\n<h4>10. Dane osobowe pozostawione w serwisie<\/h4>\n<p>nie zostan\u0105 sprzedane ani udost\u0119pnione osobom trzecim, zgodnie z przepisami Ustawy o ochronie danych osobowych.<\/p>\n<h4>11. Do danych zawartych w formularzu przys\u0142uguje wgl\u0105d<\/h4>\n<p>osobie fizycznej, kt\u00f3ra je tam umie\u015bci\u0142a. Osoba ta ma r\u00f3wnie\u017c:<\/p>\n<ul>\n<li>prawo dost\u0119pu do tre\u015bci swoich danych osobowych,<\/li>\n<li>prawo do ich sprostowania, gdy s\u0105 niezgodne ze stanem rzeczywistym,<\/li>\n<li>prawo do ich usuni\u0119cia lub ograniczenia przetwarzania danych,<\/li>\n<li>prawo do wniesienia sprzeciwu wobec przetwarzania danych osobowych,<\/li>\n<li>prawo do przenoszenia danych.<\/li>\n<\/ul>\n<h4>12. Dane osobowe b\u0119d\u0105 przetwarzane wy\u0142\u0105cznie przez czas<\/h4>\n<p>niezb\u0119dny do osi\u0105gni\u0119cia celu przetwarzania lub do odwo\u0142ania przez Pa\u0144stwa zgody. Administrator zastrzega sobie prawo do przetwarzania danych przez okres do 3 miesi\u0119cy od momentu osi\u0105gni\u0119cia cel\u00f3w w zwi\u0105zku z realizacj\u0105 w\u0142asnych cel\u00f3w analitycznych i statystycznych.<\/p>\n<h4>13. Zastrzegamy sobie prawo do zmiany w polityce ochrony prywatno\u015bci serwisu,<\/h4>\n<p>na kt\u00f3re mo\u017ce wp\u0142yn\u0105\u0107 rozw\u00f3j technologii internetowej, ewentualne zmiany prawa w zakresie ochrony danych osobowych oraz rozw\u00f3j naszego serwisu internetowego. O wszelkich zmianach b\u0119dziemy informowa\u0107 w spos\u00f3b widoczny i zrozumia\u0142y.<\/p>\n<h4>14. W Serwisie mog\u0105 pojawia\u0107 si\u0119 linki do innych stron internetowych.<\/h4>\n<p>Takie strony internetowe dzia\u0142aj\u0105 niezale\u017cnie od Serwisu i nie s\u0105 w \u017caden spos\u00f3b nadzorowane przez Serwis www.natruly.eu. Strony te mog\u0105 posiada\u0107 w\u0142asne polityki dotycz\u0105ce prywatno\u015bci oraz regulaminy, z kt\u00f3rymi zalecamy si\u0119 zapozna\u0107.<\/p>\n<h4>15. W\u00a0sprawach nieuregulowanych niniejsz\u0105 polityk\u0105<\/h4>\n<p>zastosowanie maj\u0105 postanowienia Kodeksu cywilnego i odpowiednich ustaw prawa polskiego, a tak\u017ce prawa Unii Europejskiej, w szczeg\u00f3lno\u015bci RODO (Rozporz\u0105dzenie Parlamentu Europejskiego i Rady (UE) 2016\/679 z dnia 27 kwietnia 2016 r. w sprawie ochrony os\u00f3b fizycznych w zwi\u0105zku z przetwarzaniem danych osobowych i w sprawie swobodnego przep\u0142ywu takich danych oraz uchylenia dyrektywy 95\/46\/WE).<\/p>\n<p>W przypadku podejrzenia naruszenia niniejszej polityki, osoba, kt\u00f3ra z\u0142o\u017cy\u0142a dane ma prawo do wniesienia skargi zwi\u0105zanej z przetwarzaniem danych osobowych do organu nadzorczego.<\/p>\n<p>W razie w\u0105tpliwo\u015bci co kt\u00f3regokolwiek z zapis\u00f3w niniejszej polityki prywatno\u015bci jeste\u015bmy do dyspozycji &#8211; nasze dane znale\u017a\u0107 mo\u017cna w zak\u0142adce\u00a0 <a href=\"https:\/\/www.natruly.eu\/?page_id=22\" target=\"_blank\" rel=\"noopener noreferrer\">Kontakt<\/a>.<\/p>\n<p>[\/et_pb_text][\/et_pb_column][\/et_pb_row][\/et_pb_section]<\/p>\n<span class=\"et_bloom_bottom_trigger\"><\/span>","protected":false},"excerpt":{"rendered":"<p>Polityka prywatno\u015bci Serwisu www.natruly.eu INFORMACJA ADMINISTRATORA DANYCH OSOBOWYCH SPORZ\u0104DZONA NA PODSTAWIE ART. 13 UST. 1 i 2 OG\u00d3LNEGO ROZPORZ\u0104DZENIA O OCHRONIE DANYCH (RODO) \u00a0W zwi\u0105zku z wej\u015bciem w \u017cycie i konieczno\u015bci\u0105 stosowania Rozporz\u0105dzenia Parlamentu Europejskiego i Rady (UE) 2016\/679 z dnia 27 kwietnia 2016 r. w sprawie ochrony os\u00f3b fizycznych w zwi\u0105zku z przetwarzaniem danych [&hellip;]<\/p>\n","protected":false},"author":1,"featured_media":0,"parent":0,"menu_order":0,"comment_status":"closed","ping_status":"closed","template":"","meta":{"_et_pb_use_builder":"on","_et_pb_old_content":"<p>[et_pb_section bb_built=\"1\" fullwidth=\"on\" specialty=\"off\" next_background_color=\"#000000\"][et_pb_fullwidth_post_title _builder_version=\"3.18.9\" background_color=\"#434c49\" \/][\/et_pb_section][et_pb_section bb_built=\"1\" prev_background_color=\"#000000\"][et_pb_row][et_pb_column type=\"4_4\"][et_pb_text _builder_version=\"3.18.9\" \/][\/et_pb_column][\/et_pb_row][\/et_pb_section]<\/p>","_et_gb_content_width":"","_mi_skip_tracking":false,"_monsterinsights_sitenote_active":false,"_monsterinsights_sitenote_note":"","_monsterinsights_sitenote_category":0,"footnotes":""},"yoast_head":"<!-- This site is optimized with the Yoast SEO plugin v21.3 - https:\/\/yoast.com\/wordpress\/plugins\/seo\/ -->\n<title>Polityka prywatno\u015bci - NATRULY<\/title>\n<meta name=\"robots\" content=\"index, follow, max-snippet:-1, max-image-preview:large, max-video-preview:-1\" \/>\n<link rel=\"canonical\" href=\"https:\/\/www.natruly.eu\/?page_id=2249\" \/>\n<meta property=\"og:locale\" content=\"pl_PL\" \/>\n<meta property=\"og:type\" content=\"article\" \/>\n<meta property=\"og:title\" content=\"Polityka prywatno\u015bci - NATRULY\" \/>\n<meta property=\"og:description\" content=\"Polityka prywatno\u015bci Serwisu www.natruly.eu INFORMACJA ADMINISTRATORA DANYCH OSOBOWYCH SPORZ\u0104DZONA NA PODSTAWIE ART. 13 UST. 1 i 2 OG\u00d3LNEGO ROZPORZ\u0104DZENIA O OCHRONIE DANYCH (RODO) \u00a0W zwi\u0105zku z wej\u015bciem w \u017cycie i konieczno\u015bci\u0105 stosowania Rozporz\u0105dzenia Parlamentu Europejskiego i Rady (UE) 2016\/679 z dnia 27 kwietnia 2016 r. w sprawie ochrony os\u00f3b fizycznych w zwi\u0105zku z przetwarzaniem danych [&hellip;]\" \/>\n<meta property=\"og:url\" content=\"https:\/\/www.natruly.eu\/?page_id=2249\" \/>\n<meta property=\"og:site_name\" content=\"NATRULY\" \/>\n<meta property=\"article:publisher\" content=\"https:\/\/www.facebook.com\/enklawasmaku\/\" \/>\n<meta property=\"article:modified_time\" content=\"2020-02-21T09:10:38+00:00\" \/>\n<meta name=\"twitter:card\" content=\"summary_large_image\" \/>\n<meta name=\"twitter:label1\" content=\"Szacowany czas czytania\" \/>\n\t<meta name=\"twitter:data1\" content=\"8 minut\" \/>\n<script type=\"application\/ld+json\" class=\"yoast-schema-graph\">{\"@context\":\"https:\/\/schema.org\",\"@graph\":[{\"@type\":\"WebPage\",\"@id\":\"https:\/\/www.natruly.eu\/?page_id=2249\",\"url\":\"https:\/\/www.natruly.eu\/?page_id=2249\",\"name\":\"Polityka prywatno\u015bci - NATRULY\",\"isPartOf\":{\"@id\":\"https:\/\/www.natruly.eu\/#website\"},\"datePublished\":\"2018-12-20T21:51:29+00:00\",\"dateModified\":\"2020-02-21T09:10:38+00:00\",\"breadcrumb\":{\"@id\":\"https:\/\/www.natruly.eu\/?page_id=2249#breadcrumb\"},\"inLanguage\":\"pl-PL\",\"potentialAction\":[{\"@type\":\"ReadAction\",\"target\":[\"https:\/\/www.natruly.eu\/?page_id=2249\"]}]},{\"@type\":\"BreadcrumbList\",\"@id\":\"https:\/\/www.natruly.eu\/?page_id=2249#breadcrumb\",\"itemListElement\":[{\"@type\":\"ListItem\",\"position\":1,\"name\":\"Strona g\u0142\u00f3wna\",\"item\":\"https:\/\/www.natruly.eu\/\"},{\"@type\":\"ListItem\",\"position\":2,\"name\":\"Polityka prywatno\u015bci\"}]},{\"@type\":\"WebSite\",\"@id\":\"https:\/\/www.natruly.eu\/#website\",\"url\":\"https:\/\/www.natruly.eu\/\",\"name\":\"NATRULY\",\"description\":\"Zdrowie z natury\",\"publisher\":{\"@id\":\"https:\/\/www.natruly.eu\/#organization\"},\"potentialAction\":[{\"@type\":\"SearchAction\",\"target\":{\"@type\":\"EntryPoint\",\"urlTemplate\":\"https:\/\/www.natruly.eu\/?s={search_term_string}\"},\"query-input\":\"required name=search_term_string\"}],\"inLanguage\":\"pl-PL\"},{\"@type\":\"Organization\",\"@id\":\"https:\/\/www.natruly.eu\/#organization\",\"name\":\"NATRULY\",\"url\":\"https:\/\/www.natruly.eu\/\",\"logo\":{\"@type\":\"ImageObject\",\"inLanguage\":\"pl-PL\",\"@id\":\"https:\/\/www.natruly.eu\/#\/schema\/logo\/image\/\",\"url\":\"https:\/\/www.natruly.eu\/wp-content\/uploads\/2017\/10\/natruly-logo.png\",\"contentUrl\":\"https:\/\/www.natruly.eu\/wp-content\/uploads\/2017\/10\/natruly-logo.png\",\"width\":262,\"height\":124,\"caption\":\"NATRULY\"},\"image\":{\"@id\":\"https:\/\/www.natruly.eu\/#\/schema\/logo\/image\/\"},\"sameAs\":[\"https:\/\/www.facebook.com\/enklawasmaku\/\"]}]}<\/script>\n<!-- \/ Yoast SEO plugin. -->","yoast_head_json":{"title":"Polityka prywatno\u015bci - NATRULY","robots":{"index":"index","follow":"follow","max-snippet":"max-snippet:-1","max-image-preview":"max-image-preview:large","max-video-preview":"max-video-preview:-1"},"canonical":"https:\/\/www.natruly.eu\/?page_id=2249","og_locale":"pl_PL","og_type":"article","og_title":"Polityka prywatno\u015bci - NATRULY","og_description":"Polityka prywatno\u015bci Serwisu www.natruly.eu INFORMACJA ADMINISTRATORA DANYCH OSOBOWYCH SPORZ\u0104DZONA NA PODSTAWIE ART. 13 UST. 1 i 2 OG\u00d3LNEGO ROZPORZ\u0104DZENIA O OCHRONIE DANYCH (RODO) \u00a0W zwi\u0105zku z wej\u015bciem w \u017cycie i konieczno\u015bci\u0105 stosowania Rozporz\u0105dzenia Parlamentu Europejskiego i Rady (UE) 2016\/679 z dnia 27 kwietnia 2016 r. w sprawie ochrony os\u00f3b fizycznych w zwi\u0105zku z przetwarzaniem danych [&hellip;]","og_url":"https:\/\/www.natruly.eu\/?page_id=2249","og_site_name":"NATRULY","article_publisher":"https:\/\/www.facebook.com\/enklawasmaku\/","article_modified_time":"2020-02-21T09:10:38+00:00","twitter_card":"summary_large_image","twitter_misc":{"Szacowany czas czytania":"8 minut"},"schema":{"@context":"https:\/\/schema.org","@graph":[{"@type":"WebPage","@id":"https:\/\/www.natruly.eu\/?page_id=2249","url":"https:\/\/www.natruly.eu\/?page_id=2249","name":"Polityka prywatno\u015bci - NATRULY","isPartOf":{"@id":"https:\/\/www.natruly.eu\/#website"},"datePublished":"2018-12-20T21:51:29+00:00","dateModified":"2020-02-21T09:10:38+00:00","breadcrumb":{"@id":"https:\/\/www.natruly.eu\/?page_id=2249#breadcrumb"},"inLanguage":"pl-PL","potentialAction":[{"@type":"ReadAction","target":["https:\/\/www.natruly.eu\/?page_id=2249"]}]},{"@type":"BreadcrumbList","@id":"https:\/\/www.natruly.eu\/?page_id=2249#breadcrumb","itemListElement":[{"@type":"ListItem","position":1,"name":"Strona g\u0142\u00f3wna","item":"https:\/\/www.natruly.eu\/"},{"@type":"ListItem","position":2,"name":"Polityka prywatno\u015bci"}]},{"@type":"WebSite","@id":"https:\/\/www.natruly.eu\/#website","url":"https:\/\/www.natruly.eu\/","name":"NATRULY","description":"Zdrowie z natury","publisher":{"@id":"https:\/\/www.natruly.eu\/#organization"},"potentialAction":[{"@type":"SearchAction","target":{"@type":"EntryPoint","urlTemplate":"https:\/\/www.natruly.eu\/?s={search_term_string}"},"query-input":"required name=search_term_string"}],"inLanguage":"pl-PL"},{"@type":"Organization","@id":"https:\/\/www.natruly.eu\/#organization","name":"NATRULY","url":"https:\/\/www.natruly.eu\/","logo":{"@type":"ImageObject","inLanguage":"pl-PL","@id":"https:\/\/www.natruly.eu\/#\/schema\/logo\/image\/","url":"https:\/\/www.natruly.eu\/wp-content\/uploads\/2017\/10\/natruly-logo.png","contentUrl":"https:\/\/www.natruly.eu\/wp-content\/uploads\/2017\/10\/natruly-logo.png","width":262,"height":124,"caption":"NATRULY"},"image":{"@id":"https:\/\/www.natruly.eu\/#\/schema\/logo\/image\/"},"sameAs":["https:\/\/www.facebook.com\/enklawasmaku\/"]}]}},"_links":{"self":[{"href":"https:\/\/www.natruly.eu\/index.php?rest_route=\/wp\/v2\/pages\/2249"}],"collection":[{"href":"https:\/\/www.natruly.eu\/index.php?rest_route=\/wp\/v2\/pages"}],"about":[{"href":"https:\/\/www.natruly.eu\/index.php?rest_route=\/wp\/v2\/types\/page"}],"author":[{"embeddable":true,"href":"https:\/\/www.natruly.eu\/index.php?rest_route=\/wp\/v2\/users\/1"}],"replies":[{"embeddable":true,"href":"https:\/\/www.natruly.eu\/index.php?rest_route=%2Fwp%2Fv2%2Fcomments&post=2249"}],"version-history":[{"count":13,"href":"https:\/\/www.natruly.eu\/index.php?rest_route=\/wp\/v2\/pages\/2249\/revisions"}],"predecessor-version":[{"id":11293,"href":"https:\/\/www.natruly.eu\/index.php?rest_route=\/wp\/v2\/pages\/2249\/revisions\/11293"}],"wp:attachment":[{"href":"https:\/\/www.natruly.eu\/index.php?rest_route=%2Fwp%2Fv2%2Fmedia&parent=2249"}],"curies":[{"name":"wp","href":"https:\/\/api.w.org\/{rel}","templated":true}]}}