{"id":2268,"date":"2018-12-21T12:29:46","date_gmt":"2018-12-21T12:29:46","guid":{"rendered":"https:\/\/www.natruly.eu\/?page_id=2268"},"modified":"2020-02-21T18:00:09","modified_gmt":"2020-02-21T18:00:09","slug":"polityka-cookies","status":"publish","type":"page","link":"https:\/\/www.natruly.eu\/?page_id=2268","title":{"rendered":"Polityka cookies"},"content":{"rendered":"<p>[et_pb_section fb_built=&#8221;1&#8243; fullwidth=&#8221;on&#8221; _builder_version=&#8221;3.22&#8243;][et_pb_fullwidth_image src=&#8221;https:\/\/www.natruly.eu\/wp-content\/uploads\/2020\/02\/COOKIES.png&#8221; _builder_version=&#8221;4.3.2&#8243; hover_enabled=&#8221;0&#8243;][\/et_pb_fullwidth_image][\/et_pb_section][et_pb_section fb_built=&#8221;1&#8243; _builder_version=&#8221;3.22&#8243;][et_pb_row _builder_version=&#8221;3.25&#8243; background_size=&#8221;initial&#8221; background_position=&#8221;top_left&#8221; background_repeat=&#8221;repeat&#8221;][et_pb_column type=&#8221;4_4&#8243; _builder_version=&#8221;3.25&#8243; custom_padding=&#8221;|||&#8221; custom_padding__hover=&#8221;|||&#8221;][et_pb_text admin_label=&#8221;Polityka cookies&#8221; _builder_version=&#8221;3.27.4&#8243;]<\/p>\n<h2><strong>Polityka cookies serwisu www.natruly.pl<\/strong><\/h2>\n<p>\u00a0<\/p>\n<h4>1. Poprzez pliki \u201ccookies\u201d nale\u017cy rozumie\u0107<\/h4>\n<p>dane informatyczne przechowywane w urz\u0105dzeniach ko\u0144cowych u\u017cytkownik\u00f3w, przeznaczone do korzystania ze stron internetowych. W szczeg\u00f3lno\u015bci s\u0105 to pliki tekstowe, zawieraj\u0105ce nazw\u0119 strony internetowej, z kt\u00f3rej pochodz\u0105, czas przechowywania ich na urz\u0105dzeniu ko\u0144cowym oraz unikalny numer.<\/p>\n<h4>2. Serwis nie zbiera w spos\u00f3b automatyczny<\/h4>\n<p>\u017cadnych informacji, z wyj\u0105tkiem informacji zawartych w plikach cookies.<\/p>\n<h4>3. Pliki cookies przeznaczone s\u0105 do<\/h4>\n<p>korzystania ze stron serwisu. Operator wykorzystuje te pliki do:<\/p>\n<ol>\n<li>mo\u017cliwo\u015bci logowania i utrzymywania sesji u\u017cytkownika na ka\u017cdej kolejnej stronie serwisu<\/li>\n<li>dopasowania zawarto\u015bci strony internetowej do indywidualnych preferencji u\u017cytkownika, przede wszystkim pliki te rozpoznaj\u0105 jego urz\u0105dzenie, aby zgodnie z jego preferencjami wy\u015bwietli\u0107 stron\u0119<\/li>\n<li>do tworzenia anonimowych statystyk z wy\u0142\u0105czeniem mo\u017cliwo\u015bci identyfikacji u\u017cytkownika.<\/li>\n<\/ol>\n<h4>4. Pliki cookies wykorzystywane przez partner\u00f3w operatora strony internetowej,<\/h4>\n<p>w tym w szczeg\u00f3lno\u015bci u\u017cytkownik\u00f3w strony internetowej, podlegaj\u0105 ich w\u0142asnej polityce prywatno\u015bci.<\/p>\n<h4>5. W trosce o bezpiecze\u0144stwo powierzonych nam danych<\/h4>\n<p>opracowali\u015bmy wewn\u0119trzne procedury i zalecenia, kt\u00f3re maj\u0105 zapobiec udost\u0119pnieniu danych osobom nieupowa\u017cnionym. Kontrolujemy ich wykonywanie i stale sprawdzamy ich zgodno\u015b\u0107 z odpowiednimi aktami prawnymi &#8211; ustaw\u0105 o ochronie danych osobowych, ustaw\u0105 o \u015bwiadczeniu us\u0142ug drog\u0105 elektroniczn\u0105, a tak\u017ce wszelkiego rodzaju aktach wykonawczych i aktach prawa wsp\u00f3lnotowego<\/p>\n<h4>6. Standardowo oprogramowanie s\u0142u\u017c\u0105ce do przegl\u0105dania stron internetowych<\/h4>\n<p>domy\u015blnie dopuszcza umieszczanie plik\u00f3w cookies na urz\u0105dzeniu ko\u0144cowym U\u017cytkownika. Ustawienia te mog\u0105 zosta\u0107 zmienione przez U\u017cytkownika w taki spos\u00f3b, aby blokowa\u0107 automatyczn\u0105 obs\u0142ug\u0119 \u201ccookies\u201d w ustawieniach przegl\u0105darki internetowej b\u0105d\u017a informowa\u0107 o ich ka\u017cdorazowym przes\u0142aniu na urz\u0105dzenia u\u017cytkownika.<\/p>\n<h4>7. U\u017cytkownicy Serwisu mog\u0105 dokona\u0107 w ka\u017cdym czasie zmiany ustawie\u0144<\/h4>\n<p>dotycz\u0105cych plik\u00f3w cookies. Szczeg\u00f3\u0142owe informacje o mo\u017cliwo\u015bci i sposobach obs\u0142ugi plik\u00f3w cookies dost\u0119pne s\u0105 w ustawieniach oprogramowania (przegl\u0105darki internetowej).<\/p>\n<p>Przyk\u0142adowe opcje edytowania w popularnych przegl\u0105darkach:<\/p>\n<ul>\n<li>Mozilla Firefox: <u><a href=\"http:\/\/www.support.mozilla.org\/pl\/kb\/ciasteczka\">support.mozilla.org\/pl\/kb\/ciasteczka<\/a><\/u><\/li>\n<li>Internet Explorer: <u><a href=\"http:\/\/www.support.microsoft.com\/kb\/278835\/pl\">support.microsoft.com\/kb\/278835\/pl<\/a><\/u><\/li>\n<li>Google Chrome:<br \/><u><a href=\"http:\/\/www.support.google.com\/chrome\/bin\/answer.py?hl=pl&amp;answer=95647\">support.google.com\/chrome\/bin\/answer.py?hl=pl&amp;answer=95647<\/a><\/u><\/li>\n<li>Safari: <u><a href=\"http:\/\/www.safari.helpmax.net\/pl\/oszczedzanie-czasu\/blokowanie-zawartosci\/\">safari.helpmax.net\/pl\/oszczedzanie-czasu\/blokowanie-zawartosci\/<\/a><\/u><\/li>\n<\/ul>\n<h4>8. Operator Serwisu informuje, \u017ce<\/h4>\n<p>zmiany ustawie\u0144 w przegl\u0105darce internetowej u\u017cytkownika mog\u0105 uniemo\u017cliwi\u0107 poprawne dzia\u0142anie Stron Internetowych.<\/p>\n<p>[\/et_pb_text][\/et_pb_column][\/et_pb_row][\/et_pb_section]<\/p>\n<span class=\"et_bloom_bottom_trigger\"><\/span>","protected":false},"excerpt":{"rendered":"<p>Polityka cookies serwisu www.natruly.pl\u00a01. Poprzez pliki \u201ccookies\u201d nale\u017cy rozumie\u0107dane informatyczne przechowywane w urz\u0105dzeniach ko\u0144cowych u\u017cytkownik\u00f3w, przeznaczone do korzystania ze stron internetowych. W szczeg\u00f3lno\u015bci s\u0105 to pliki tekstowe, zawieraj\u0105ce nazw\u0119 strony internetowej, z kt\u00f3rej pochodz\u0105, czas przechowywania ich na urz\u0105dzeniu ko\u0144cowym oraz unikalny numer.2. Serwis nie zbiera w spos\u00f3b automatyczny\u017cadnych informacji, z wyj\u0105tkiem informacji zawartych w [&hellip;]<\/p>\n","protected":false},"author":1,"featured_media":0,"parent":0,"menu_order":0,"comment_status":"closed","ping_status":"closed","template":"","meta":{"_et_pb_use_builder":"on","_et_pb_old_content":"","_et_gb_content_width":"","_mi_skip_tracking":false,"_monsterinsights_sitenote_active":false,"_monsterinsights_sitenote_note":"","_monsterinsights_sitenote_category":0,"footnotes":""},"yoast_head":"<!-- This site is optimized with the Yoast SEO plugin v21.3 - https:\/\/yoast.com\/wordpress\/plugins\/seo\/ -->\n<title>Polityka cookies - NATRULY<\/title>\n<meta name=\"robots\" content=\"index, follow, max-snippet:-1, max-image-preview:large, max-video-preview:-1\" \/>\n<link rel=\"canonical\" href=\"https:\/\/www.natruly.eu\/?page_id=2268\" \/>\n<meta property=\"og:locale\" content=\"pl_PL\" \/>\n<meta property=\"og:type\" content=\"article\" \/>\n<meta property=\"og:title\" content=\"Polityka cookies - NATRULY\" \/>\n<meta property=\"og:description\" content=\"Polityka cookies serwisu www.natruly.pl\u00a01. Poprzez pliki \u201ccookies\u201d nale\u017cy rozumie\u0107dane informatyczne przechowywane w urz\u0105dzeniach ko\u0144cowych u\u017cytkownik\u00f3w, przeznaczone do korzystania ze stron internetowych. W szczeg\u00f3lno\u015bci s\u0105 to pliki tekstowe, zawieraj\u0105ce nazw\u0119 strony internetowej, z kt\u00f3rej pochodz\u0105, czas przechowywania ich na urz\u0105dzeniu ko\u0144cowym oraz unikalny numer.2. Serwis nie zbiera w spos\u00f3b automatyczny\u017cadnych informacji, z wyj\u0105tkiem informacji zawartych w [&hellip;]\" \/>\n<meta property=\"og:url\" content=\"https:\/\/www.natruly.eu\/?page_id=2268\" \/>\n<meta property=\"og:site_name\" content=\"NATRULY\" \/>\n<meta property=\"article:publisher\" content=\"https:\/\/www.facebook.com\/enklawasmaku\/\" \/>\n<meta property=\"article:modified_time\" content=\"2020-02-21T18:00:09+00:00\" \/>\n<meta name=\"twitter:card\" content=\"summary_large_image\" \/>\n<meta name=\"twitter:label1\" content=\"Szacowany czas czytania\" \/>\n\t<meta name=\"twitter:data1\" content=\"2 minuty\" \/>\n<script type=\"application\/ld+json\" class=\"yoast-schema-graph\">{\"@context\":\"https:\/\/schema.org\",\"@graph\":[{\"@type\":\"WebPage\",\"@id\":\"https:\/\/www.natruly.eu\/?page_id=2268\",\"url\":\"https:\/\/www.natruly.eu\/?page_id=2268\",\"name\":\"Polityka cookies - NATRULY\",\"isPartOf\":{\"@id\":\"https:\/\/www.natruly.eu\/#website\"},\"datePublished\":\"2018-12-21T12:29:46+00:00\",\"dateModified\":\"2020-02-21T18:00:09+00:00\",\"breadcrumb\":{\"@id\":\"https:\/\/www.natruly.eu\/?page_id=2268#breadcrumb\"},\"inLanguage\":\"pl-PL\",\"potentialAction\":[{\"@type\":\"ReadAction\",\"target\":[\"https:\/\/www.natruly.eu\/?page_id=2268\"]}]},{\"@type\":\"BreadcrumbList\",\"@id\":\"https:\/\/www.natruly.eu\/?page_id=2268#breadcrumb\",\"itemListElement\":[{\"@type\":\"ListItem\",\"position\":1,\"name\":\"Strona g\u0142\u00f3wna\",\"item\":\"https:\/\/www.natruly.eu\/\"},{\"@type\":\"ListItem\",\"position\":2,\"name\":\"Polityka cookies\"}]},{\"@type\":\"WebSite\",\"@id\":\"https:\/\/www.natruly.eu\/#website\",\"url\":\"https:\/\/www.natruly.eu\/\",\"name\":\"NATRULY\",\"description\":\"Zdrowie z natury\",\"publisher\":{\"@id\":\"https:\/\/www.natruly.eu\/#organization\"},\"potentialAction\":[{\"@type\":\"SearchAction\",\"target\":{\"@type\":\"EntryPoint\",\"urlTemplate\":\"https:\/\/www.natruly.eu\/?s={search_term_string}\"},\"query-input\":\"required name=search_term_string\"}],\"inLanguage\":\"pl-PL\"},{\"@type\":\"Organization\",\"@id\":\"https:\/\/www.natruly.eu\/#organization\",\"name\":\"NATRULY\",\"url\":\"https:\/\/www.natruly.eu\/\",\"logo\":{\"@type\":\"ImageObject\",\"inLanguage\":\"pl-PL\",\"@id\":\"https:\/\/www.natruly.eu\/#\/schema\/logo\/image\/\",\"url\":\"https:\/\/www.natruly.eu\/wp-content\/uploads\/2017\/10\/natruly-logo.png\",\"contentUrl\":\"https:\/\/www.natruly.eu\/wp-content\/uploads\/2017\/10\/natruly-logo.png\",\"width\":262,\"height\":124,\"caption\":\"NATRULY\"},\"image\":{\"@id\":\"https:\/\/www.natruly.eu\/#\/schema\/logo\/image\/\"},\"sameAs\":[\"https:\/\/www.facebook.com\/enklawasmaku\/\"]}]}<\/script>\n<!-- \/ Yoast SEO plugin. -->","yoast_head_json":{"title":"Polityka cookies - NATRULY","robots":{"index":"index","follow":"follow","max-snippet":"max-snippet:-1","max-image-preview":"max-image-preview:large","max-video-preview":"max-video-preview:-1"},"canonical":"https:\/\/www.natruly.eu\/?page_id=2268","og_locale":"pl_PL","og_type":"article","og_title":"Polityka cookies - NATRULY","og_description":"Polityka cookies serwisu www.natruly.pl\u00a01. Poprzez pliki \u201ccookies\u201d nale\u017cy rozumie\u0107dane informatyczne przechowywane w urz\u0105dzeniach ko\u0144cowych u\u017cytkownik\u00f3w, przeznaczone do korzystania ze stron internetowych. W szczeg\u00f3lno\u015bci s\u0105 to pliki tekstowe, zawieraj\u0105ce nazw\u0119 strony internetowej, z kt\u00f3rej pochodz\u0105, czas przechowywania ich na urz\u0105dzeniu ko\u0144cowym oraz unikalny numer.2. Serwis nie zbiera w spos\u00f3b automatyczny\u017cadnych informacji, z wyj\u0105tkiem informacji zawartych w [&hellip;]","og_url":"https:\/\/www.natruly.eu\/?page_id=2268","og_site_name":"NATRULY","article_publisher":"https:\/\/www.facebook.com\/enklawasmaku\/","article_modified_time":"2020-02-21T18:00:09+00:00","twitter_card":"summary_large_image","twitter_misc":{"Szacowany czas czytania":"2 minuty"},"schema":{"@context":"https:\/\/schema.org","@graph":[{"@type":"WebPage","@id":"https:\/\/www.natruly.eu\/?page_id=2268","url":"https:\/\/www.natruly.eu\/?page_id=2268","name":"Polityka cookies - NATRULY","isPartOf":{"@id":"https:\/\/www.natruly.eu\/#website"},"datePublished":"2018-12-21T12:29:46+00:00","dateModified":"2020-02-21T18:00:09+00:00","breadcrumb":{"@id":"https:\/\/www.natruly.eu\/?page_id=2268#breadcrumb"},"inLanguage":"pl-PL","potentialAction":[{"@type":"ReadAction","target":["https:\/\/www.natruly.eu\/?page_id=2268"]}]},{"@type":"BreadcrumbList","@id":"https:\/\/www.natruly.eu\/?page_id=2268#breadcrumb","itemListElement":[{"@type":"ListItem","position":1,"name":"Strona g\u0142\u00f3wna","item":"https:\/\/www.natruly.eu\/"},{"@type":"ListItem","position":2,"name":"Polityka cookies"}]},{"@type":"WebSite","@id":"https:\/\/www.natruly.eu\/#website","url":"https:\/\/www.natruly.eu\/","name":"NATRULY","description":"Zdrowie z natury","publisher":{"@id":"https:\/\/www.natruly.eu\/#organization"},"potentialAction":[{"@type":"SearchAction","target":{"@type":"EntryPoint","urlTemplate":"https:\/\/www.natruly.eu\/?s={search_term_string}"},"query-input":"required name=search_term_string"}],"inLanguage":"pl-PL"},{"@type":"Organization","@id":"https:\/\/www.natruly.eu\/#organization","name":"NATRULY","url":"https:\/\/www.natruly.eu\/","logo":{"@type":"ImageObject","inLanguage":"pl-PL","@id":"https:\/\/www.natruly.eu\/#\/schema\/logo\/image\/","url":"https:\/\/www.natruly.eu\/wp-content\/uploads\/2017\/10\/natruly-logo.png","contentUrl":"https:\/\/www.natruly.eu\/wp-content\/uploads\/2017\/10\/natruly-logo.png","width":262,"height":124,"caption":"NATRULY"},"image":{"@id":"https:\/\/www.natruly.eu\/#\/schema\/logo\/image\/"},"sameAs":["https:\/\/www.facebook.com\/enklawasmaku\/"]}]}},"_links":{"self":[{"href":"https:\/\/www.natruly.eu\/index.php?rest_route=\/wp\/v2\/pages\/2268"}],"collection":[{"href":"https:\/\/www.natruly.eu\/index.php?rest_route=\/wp\/v2\/pages"}],"about":[{"href":"https:\/\/www.natruly.eu\/index.php?rest_route=\/wp\/v2\/types\/page"}],"author":[{"embeddable":true,"href":"https:\/\/www.natruly.eu\/index.php?rest_route=\/wp\/v2\/users\/1"}],"replies":[{"embeddable":true,"href":"https:\/\/www.natruly.eu\/index.php?rest_route=%2Fwp%2Fv2%2Fcomments&post=2268"}],"version-history":[{"count":3,"href":"https:\/\/www.natruly.eu\/index.php?rest_route=\/wp\/v2\/pages\/2268\/revisions"}],"predecessor-version":[{"id":11310,"href":"https:\/\/www.natruly.eu\/index.php?rest_route=\/wp\/v2\/pages\/2268\/revisions\/11310"}],"wp:attachment":[{"href":"https:\/\/www.natruly.eu\/index.php?rest_route=%2Fwp%2Fv2%2Fmedia&parent=2268"}],"curies":[{"name":"wp","href":"https:\/\/api.w.org\/{rel}","templated":true}]}}