{"id":5,"date":"2015-01-19T13:52:21","date_gmt":"2015-01-19T13:52:21","guid":{"rendered":"https:\/\/www.natruly.eu\/?page_id=5"},"modified":"2019-12-29T20:58:33","modified_gmt":"2019-12-29T20:58:33","slug":"domowa-kuchnia","status":"publish","type":"page","link":"https:\/\/www.natruly.eu\/?page_id=5","title":{"rendered":"O nas"},"content":{"rendered":"<p>[et_pb_section fb_built=&#8221;1&#8243; fullwidth=&#8221;on&#8221; admin_label=&#8221;section&#8221; _builder_version=&#8221;3.22&#8243; background_color=&#8221;#ffffff&#8221; background_image=&#8221;https:\/\/www.natruly.eu\/wp-content\/uploads\/2015\/01\/O-nas-P1.jpg&#8221; transparent_background=&#8221;off&#8221;][et_pb_fullwidth_image src=&#8221;https:\/\/www.natruly.eu\/wp-content\/uploads\/2015\/01\/ALTAI-ABOUT-CLRD.jpg&#8221; show_in_lightbox=&#8221;on&#8221; admin_label=&#8221;O NAS&#8221; _builder_version=&#8221;3.0.85&#8243;][\/et_pb_fullwidth_image][\/et_pb_section][et_pb_section fb_built=&#8221;1&#8243; admin_label=&#8221;section&#8221; _builder_version=&#8221;3.22&#8243; background_color=&#8221;#ffffff&#8221; transparent_background=&#8221;off&#8221;][et_pb_row admin_label=&#8221;row&#8221; _builder_version=&#8221;3.25&#8243; background_size=&#8221;initial&#8221; background_position=&#8221;top_left&#8221; background_repeat=&#8221;repeat&#8221;][et_pb_column type=&#8221;4_4&#8243; _builder_version=&#8221;3.25&#8243; custom_padding=&#8221;|||&#8221; custom_padding__hover=&#8221;|||&#8221;][et_pb_text admin_label=&#8221;O NAS&#8221; _builder_version=&#8221;4.0.9&#8243; background_size=&#8221;initial&#8221; background_position=&#8221;top_left&#8221; background_repeat=&#8221;repeat&#8221; module_alignment=&#8221;left&#8221; hover_enabled=&#8221;0&#8243;]<\/p>\n<h1 style=\"text-align: justify;\"><strong><span style=\"color: #552500;\">O nas<\/span><\/strong><\/h1>\n<p style=\"text-align: justify;\">NATRULY tworzymy my oraz szeroko rozumiane miejsce, w kt\u00f3rym si\u0119 aktualnie znajdujemy. Jeste\u015bmy ju\u017c po 40-tce. Niegdy\u015b uciekli\u015bmy z ma\u0142ych wsi i miasteczek do wielkiego \u015bwiata. W trakcie zawodowego \u017cycia mieli\u015bmy okazj\u0119 spr\u00f3bowa\u0107 pracy w ma\u0142ych firmach i korporacjach. Byli\u015bmy sta\u017cystami oraz dyrektorami i prezesami. Wykonywali\u015bmy niewielkie zadania biurowe oraz kierowali\u015bmy wielkimi, wielomilionowymi przedsi\u0119wzi\u0119ciami. Ten \u015bwiat ju\u017c znamy. Jest to wa\u017cny aspekt wsp\u00f3\u0142czesno\u015bci.<\/p>\n<p style=\"text-align: justify;\">Kilka lat temu po raz pierwszy odwiedzili\u015bmy G\u00f3rny A\u0142taj, przemierzaj\u0105c ca\u0142kiem spor\u0105 jego cz\u0119\u015b\u0107 na rowerze. Potem by\u0142y kolejne wyjazdy. Poznawanie specyfiki tego cudnego rejonu, ludzi. Poznawanie smak\u00f3w. Poznawanie kultury utrzymywania zdrowia. Chyba nigdzie dot\u0105d nie spotkali\u015bmy tak zakorzenionego w codzienno\u015bci podej\u015bcia do naturalnej profilaktyki &#8211; olej cedrowy, przetwory z rokitnika, mumio, olej kamienny, zio\u0142a, miody stanowi\u0105 elementy codziennej diety oraz systemu\u00a0utrzymania zdrowia.\u00a0Z pierwszych wypad\u00f3w przywozili\u015bmy na pr\u00f3b\u0119 r\u00f3\u017cne specyfiki. Pocz\u0105wszy od olej\u00f3w i sok\u00f3w, poprzez mumio, zio\u0142owe preparaty, na krwi z rog\u00f3w jelenia zako\u0144czywszy. Pr\u00f3bowali\u015bmy na sobie. I tak krok, po kroku dojrzewali\u015bmy do pomys\u0142u. Maj\u0105c ju\u017c zbudowane relacje z wytw\u00f3rcami olej\u00f3w i sok\u00f3w, w ramach Enklawy Smaku przez prawie dwa lata promowali\u015bmy na\u00a0polskim rynku produkty z cedru i rokitnika. Teraz postanowili\u015bmy zrobi\u0107 kolejny krok\u00a0&#8211; pod szyldem\u00a0NATRULY (<em>Natural, truly<\/em>)\u00a0chcemy przywozi\u0107 do Polski\u00a0unikalne produkty tamtejszej kultury, opracowane na bazie receptur i sk\u0142adnik\u00f3w\u00a0pochodz\u0105cych z ci\u0105gle jeszcze dziewiczego G\u00f3rnego A\u0142taju. Mamy g\u0142\u0119bokie przekonanie, i\u017c takie suplementy diety (tak chyba nale\u017cy je nazywa\u0107 w Europie) pomog\u0105 wielu z nas w tym, by przywr\u00f3ci\u0107 w sobie si\u0142y witalne, energi\u0119 oraz sprawno\u015b\u0107 cia\u0142a i umys\u0142u posi\u0142kuj\u0105c si\u0119 jedynie tym, co stworzy\u0142a dla nas natura. A, jak si\u0119 okazuje, stworzy\u0142a bardzo du\u017co.<\/p>\n<p>Zapraszamy do korzystania z naszej oferty.<\/p>\n<p>[\/et_pb_text][\/et_pb_column][\/et_pb_row][\/et_pb_section]<\/p>\n<span class=\"et_bloom_bottom_trigger\"><\/span>","protected":false},"excerpt":{"rendered":"<p>Enklaw\u0119 Smaku tworzymy my oraz szeroko rozumiane miejsce, w kt\u00f3rym si\u0119 aktualnie znajdujemy. W nim staramy si\u0119 tworzy\u0107 nasz \u015bwiat. Taki bez po\u015bpiechu, bez prze\u0142adowania zadaniami, bez mi\u0119dzyludzkiej polityki. \u015awiat przyjazny nam i naszym przyjacio\u0142om. \u015awiat zdrowy. <\/p>\n","protected":false},"author":1,"featured_media":0,"parent":0,"menu_order":10,"comment_status":"open","ping_status":"open","template":"","meta":{"_et_pb_use_builder":"on","_et_pb_old_content":"","_et_gb_content_width":"","_mi_skip_tracking":false,"_monsterinsights_sitenote_active":false,"_monsterinsights_sitenote_note":"","_monsterinsights_sitenote_category":0,"footnotes":""},"yoast_head":"<!-- This site is optimized with the Yoast SEO plugin v21.3 - https:\/\/yoast.com\/wordpress\/plugins\/seo\/ -->\n<title>O nas - NATRULY<\/title>\n<meta name=\"robots\" content=\"index, follow, max-snippet:-1, max-image-preview:large, max-video-preview:-1\" \/>\n<link rel=\"canonical\" href=\"https:\/\/www.natruly.eu\/?page_id=5\" \/>\n<meta property=\"og:locale\" content=\"pl_PL\" \/>\n<meta property=\"og:type\" content=\"article\" \/>\n<meta property=\"og:title\" content=\"O nas - NATRULY\" \/>\n<meta property=\"og:description\" content=\"Enklaw\u0119 Smaku tworzymy my oraz szeroko rozumiane miejsce, w kt\u00f3rym si\u0119 aktualnie znajdujemy. W nim staramy si\u0119 tworzy\u0107 nasz \u015bwiat. Taki bez po\u015bpiechu, bez prze\u0142adowania zadaniami, bez mi\u0119dzyludzkiej polityki. \u015awiat przyjazny nam i naszym przyjacio\u0142om. \u015awiat zdrowy.\" \/>\n<meta property=\"og:url\" content=\"https:\/\/www.natruly.eu\/?page_id=5\" \/>\n<meta property=\"og:site_name\" content=\"NATRULY\" \/>\n<meta property=\"article:publisher\" content=\"https:\/\/www.facebook.com\/enklawasmaku\/\" \/>\n<meta property=\"article:modified_time\" content=\"2019-12-29T20:58:33+00:00\" \/>\n<meta name=\"twitter:card\" content=\"summary_large_image\" \/>\n<meta name=\"twitter:label1\" content=\"Szacowany czas czytania\" \/>\n\t<meta name=\"twitter:data1\" content=\"2 minuty\" \/>\n<script type=\"application\/ld+json\" class=\"yoast-schema-graph\">{\"@context\":\"https:\/\/schema.org\",\"@graph\":[{\"@type\":\"WebPage\",\"@id\":\"https:\/\/www.natruly.eu\/?page_id=5\",\"url\":\"https:\/\/www.natruly.eu\/?page_id=5\",\"name\":\"O nas - NATRULY\",\"isPartOf\":{\"@id\":\"https:\/\/www.natruly.eu\/#website\"},\"datePublished\":\"2015-01-19T13:52:21+00:00\",\"dateModified\":\"2019-12-29T20:58:33+00:00\",\"breadcrumb\":{\"@id\":\"https:\/\/www.natruly.eu\/?page_id=5#breadcrumb\"},\"inLanguage\":\"pl-PL\",\"potentialAction\":[{\"@type\":\"ReadAction\",\"target\":[\"https:\/\/www.natruly.eu\/?page_id=5\"]}]},{\"@type\":\"BreadcrumbList\",\"@id\":\"https:\/\/www.natruly.eu\/?page_id=5#breadcrumb\",\"itemListElement\":[{\"@type\":\"ListItem\",\"position\":1,\"name\":\"Strona g\u0142\u00f3wna\",\"item\":\"https:\/\/www.natruly.eu\/\"},{\"@type\":\"ListItem\",\"position\":2,\"name\":\"O nas\"}]},{\"@type\":\"WebSite\",\"@id\":\"https:\/\/www.natruly.eu\/#website\",\"url\":\"https:\/\/www.natruly.eu\/\",\"name\":\"NATRULY\",\"description\":\"Zdrowie z natury\",\"publisher\":{\"@id\":\"https:\/\/www.natruly.eu\/#organization\"},\"potentialAction\":[{\"@type\":\"SearchAction\",\"target\":{\"@type\":\"EntryPoint\",\"urlTemplate\":\"https:\/\/www.natruly.eu\/?s={search_term_string}\"},\"query-input\":\"required name=search_term_string\"}],\"inLanguage\":\"pl-PL\"},{\"@type\":\"Organization\",\"@id\":\"https:\/\/www.natruly.eu\/#organization\",\"name\":\"NATRULY\",\"url\":\"https:\/\/www.natruly.eu\/\",\"logo\":{\"@type\":\"ImageObject\",\"inLanguage\":\"pl-PL\",\"@id\":\"https:\/\/www.natruly.eu\/#\/schema\/logo\/image\/\",\"url\":\"https:\/\/www.natruly.eu\/wp-content\/uploads\/2017\/10\/natruly-logo.png\",\"contentUrl\":\"https:\/\/www.natruly.eu\/wp-content\/uploads\/2017\/10\/natruly-logo.png\",\"width\":262,\"height\":124,\"caption\":\"NATRULY\"},\"image\":{\"@id\":\"https:\/\/www.natruly.eu\/#\/schema\/logo\/image\/\"},\"sameAs\":[\"https:\/\/www.facebook.com\/enklawasmaku\/\"]}]}<\/script>\n<!-- \/ Yoast SEO plugin. -->","yoast_head_json":{"title":"O nas - NATRULY","robots":{"index":"index","follow":"follow","max-snippet":"max-snippet:-1","max-image-preview":"max-image-preview:large","max-video-preview":"max-video-preview:-1"},"canonical":"https:\/\/www.natruly.eu\/?page_id=5","og_locale":"pl_PL","og_type":"article","og_title":"O nas - NATRULY","og_description":"Enklaw\u0119 Smaku tworzymy my oraz szeroko rozumiane miejsce, w kt\u00f3rym si\u0119 aktualnie znajdujemy. W nim staramy si\u0119 tworzy\u0107 nasz \u015bwiat. Taki bez po\u015bpiechu, bez prze\u0142adowania zadaniami, bez mi\u0119dzyludzkiej polityki. \u015awiat przyjazny nam i naszym przyjacio\u0142om. \u015awiat zdrowy.","og_url":"https:\/\/www.natruly.eu\/?page_id=5","og_site_name":"NATRULY","article_publisher":"https:\/\/www.facebook.com\/enklawasmaku\/","article_modified_time":"2019-12-29T20:58:33+00:00","twitter_card":"summary_large_image","twitter_misc":{"Szacowany czas czytania":"2 minuty"},"schema":{"@context":"https:\/\/schema.org","@graph":[{"@type":"WebPage","@id":"https:\/\/www.natruly.eu\/?page_id=5","url":"https:\/\/www.natruly.eu\/?page_id=5","name":"O nas - NATRULY","isPartOf":{"@id":"https:\/\/www.natruly.eu\/#website"},"datePublished":"2015-01-19T13:52:21+00:00","dateModified":"2019-12-29T20:58:33+00:00","breadcrumb":{"@id":"https:\/\/www.natruly.eu\/?page_id=5#breadcrumb"},"inLanguage":"pl-PL","potentialAction":[{"@type":"ReadAction","target":["https:\/\/www.natruly.eu\/?page_id=5"]}]},{"@type":"BreadcrumbList","@id":"https:\/\/www.natruly.eu\/?page_id=5#breadcrumb","itemListElement":[{"@type":"ListItem","position":1,"name":"Strona g\u0142\u00f3wna","item":"https:\/\/www.natruly.eu\/"},{"@type":"ListItem","position":2,"name":"O nas"}]},{"@type":"WebSite","@id":"https:\/\/www.natruly.eu\/#website","url":"https:\/\/www.natruly.eu\/","name":"NATRULY","description":"Zdrowie z natury","publisher":{"@id":"https:\/\/www.natruly.eu\/#organization"},"potentialAction":[{"@type":"SearchAction","target":{"@type":"EntryPoint","urlTemplate":"https:\/\/www.natruly.eu\/?s={search_term_string}"},"query-input":"required name=search_term_string"}],"inLanguage":"pl-PL"},{"@type":"Organization","@id":"https:\/\/www.natruly.eu\/#organization","name":"NATRULY","url":"https:\/\/www.natruly.eu\/","logo":{"@type":"ImageObject","inLanguage":"pl-PL","@id":"https:\/\/www.natruly.eu\/#\/schema\/logo\/image\/","url":"https:\/\/www.natruly.eu\/wp-content\/uploads\/2017\/10\/natruly-logo.png","contentUrl":"https:\/\/www.natruly.eu\/wp-content\/uploads\/2017\/10\/natruly-logo.png","width":262,"height":124,"caption":"NATRULY"},"image":{"@id":"https:\/\/www.natruly.eu\/#\/schema\/logo\/image\/"},"sameAs":["https:\/\/www.facebook.com\/enklawasmaku\/"]}]}},"_links":{"self":[{"href":"https:\/\/www.natruly.eu\/index.php?rest_route=\/wp\/v2\/pages\/5"}],"collection":[{"href":"https:\/\/www.natruly.eu\/index.php?rest_route=\/wp\/v2\/pages"}],"about":[{"href":"https:\/\/www.natruly.eu\/index.php?rest_route=\/wp\/v2\/types\/page"}],"author":[{"embeddable":true,"href":"https:\/\/www.natruly.eu\/index.php?rest_route=\/wp\/v2\/users\/1"}],"replies":[{"embeddable":true,"href":"https:\/\/www.natruly.eu\/index.php?rest_route=%2Fwp%2Fv2%2Fcomments&post=5"}],"version-history":[{"count":38,"href":"https:\/\/www.natruly.eu\/index.php?rest_route=\/wp\/v2\/pages\/5\/revisions"}],"predecessor-version":[{"id":8941,"href":"https:\/\/www.natruly.eu\/index.php?rest_route=\/wp\/v2\/pages\/5\/revisions\/8941"}],"wp:attachment":[{"href":"https:\/\/www.natruly.eu\/index.php?rest_route=%2Fwp%2Fv2%2Fmedia&parent=5"}],"curies":[{"name":"wp","href":"https:\/\/api.w.org\/{rel}","templated":true}]}}