{"id":13071,"date":"2020-05-13T09:36:57","date_gmt":"2020-05-13T09:36:57","guid":{"rendered":"https:\/\/www.natruly.eu\/?post_type=product&#038;p=13071"},"modified":"2020-05-13T09:36:57","modified_gmt":"2020-05-13T09:36:57","slug":"slimeum-dzien","status":"publish","type":"product","link":"https:\/\/www.natruly.eu\/?product=slimeum-dzien","title":{"rendered":"SLIMEUM (DZIE\u0143)"},"content":{"rendered":"<h3><span style=\"color: #666666;\"><span style=\"font-size: 14px;\">Unikalny, je\u015bli chodzi o sk\u0142ad, w pe\u0142ni naturalny batonik od\u017aywczy, dodatkowo wspomagaj\u0105cy proces odchudzania oraz redukcji tkanki t\u0142uszczowej. Zawarte w batoniku witaminy oraz minera\u0142y pozytywnie wp\u0142yn\u0105 na stabilizacj\u0119 wagi. Zaleca si\u0119 spo\u017cywa\u0107 co najmniej 2 batoniki w ci\u0105gu dnia, popijaj\u0105c co najmniej 200 ml wody.\u00a0<\/span><\/span><\/h3>\n<div class=\"text_exposed_show\">\n<p>Produkt w 100% naturalny. Nie zawiera konserwant\u00f3w, sztucznych barwnik\u00f3w ani sztucznych aromat\u00f3w. Wolny od GMO.<\/p>\n<h3>WYKAZ SK\u0141ADNIK\u00d3W<\/h3>\n<p>Owoce i nasiona jag\u00f3d goji, nasiona krokosza barwie\u0144skiego, owoc g\u0142ogu, koncentrat any\u017cu, nasiona kopru, nasiona kminu, cz\u0105ber, kmin, go\u017adziki, kie\u0142kuj\u0105ce nasiona owsa, naturalny koncentrat mniszka lekarskiego, karczocha, li\u015bci poziomek, imbiru, brunatni, przytulii czepnej oraz pi\u0119ciornika, glicyna, koncentrat \u015bcianek dzia\u0142owych orzecha w\u0142oskiego, nasiona kardamonu, dyni.<\/p>\n<p>&nbsp;<\/p>\n<\/div>\n<h3>WITAMINY I MINERA\u0141Y (1 BATONIK, 5O G)<\/h3>\n<div class=\"text_exposed_show\">\n<p>Witamina A | Karoten\u00a0 | Witamina E | Leucyna | Lizyna| Treonina | Witamina B1 | Witamina B2 | Witamina B6 | Witamina C | Witamina D\u00a0 | Witamina B9 | Witamina B5 | Witamina K |Magnez\u00a0 | Mangan | \u017belazo | Jod\u00a0 | Cynk\u00a0 | Potas | Selen<\/p>\n<p>&nbsp;<\/p>\n<\/div>\n<h3>WARTO\u015aCI OD\u017bYWCZE<\/h3>\n<div class=\"text_exposed_show\">\n<table style=\"width: 680px;\">\n<tbody>\n<tr>\n<td style=\"width: 312px;\"><strong>Informacja \u017cywieniowa<\/strong><\/td>\n<td style=\"width: 186px;\"><strong>1 batonik (50 g)<\/strong><\/td>\n<td style=\"width: 174px;\"><strong>100 g<\/strong><\/td>\n<\/tr>\n<tr>\n<td style=\"width: 312px;\">Warto\u015b\u0107 energetyczna<\/td>\n<td style=\"width: 186px;\">147 kcal<\/td>\n<td style=\"width: 174px;\">294 kcal<\/td>\n<\/tr>\n<tr>\n<td style=\"width: 312px;\">Bia\u0142ka<\/td>\n<td style=\"width: 186px;\">26 g<\/td>\n<td style=\"width: 174px;\">52 g<\/td>\n<\/tr>\n<tr>\n<td style=\"width: 312px;\">T\u0142uszcze<\/td>\n<td style=\"width: 186px;\">0.25 g<\/td>\n<td style=\"width: 174px;\">0.5 g<\/td>\n<\/tr>\n<tr>\n<td style=\"width: 312px; padding-left: 40px;\">nasycone<\/td>\n<td style=\"width: 186px;\">0 g<\/td>\n<td style=\"width: 174px;\">0 g<\/td>\n<\/tr>\n<tr>\n<td style=\"width: 312px;\">W\u0119glowodany<\/td>\n<td style=\"width: 186px;\">10.5 g<\/td>\n<td style=\"width: 174px;\">21 g<\/td>\n<\/tr>\n<tr>\n<td style=\"width: 312px; padding-left: 40px;\">w tym cukry<\/td>\n<td style=\"width: 186px;\">0 g<\/td>\n<td style=\"width: 174px;\">0 g<\/td>\n<\/tr>\n<\/tbody>\n<\/table>\n<p>&nbsp;<\/p>\n<h3>SPOS\u00d3B PRZECHOWYWANIA<\/h3>\n<p>Przechowywa\u0107 w miejscu w suchym miejscu w temperaturze poni\u017cej 25 stopni.<\/p>\n<p>&nbsp;<\/p>\n<h3>ZAWARTO\u015a\u0106 OPAKOWANIA<\/h3>\n<p>1 batonik (50 gram)<\/p>\n<p>Wyprodukowano w Rosji (A\u0142tajski Kraj).<\/p>\n<\/div>\n<span class=\"et_bloom_bottom_trigger\"><\/span>","protected":false},"excerpt":{"rendered":"<p>Unikalny, je\u015bli chodzi o sk\u0142ad, w pe\u0142ni naturalny batonik od\u017aywczy, dodatkowo wspomagaj\u0105cy proces odchudzania oraz redukcji tkanki t\u0142uszczowej. Zawarte w batoniku witaminy oraz minera\u0142y pozytywnie wp\u0142yn\u0105 na stabilizacj\u0119 wagi. Zaleca si\u0119 spo\u017cywa\u0107 co najmniej 2 batoniki w ci\u0105gu dnia, popijaj\u0105c co najmniej 200 ml wody.\u00a0 Produkt w 100% naturalny. Nie zawiera konserwant\u00f3w, sztucznych barwnik\u00f3w ani [&hellip;]<\/p>\n","protected":false},"featured_media":13081,"comment_status":"open","ping_status":"closed","template":"","meta":{"_et_pb_use_builder":"","_et_pb_old_content":"","_et_gb_content_width":"","_mi_skip_tracking":false,"_monsterinsights_sitenote_active":false,"_monsterinsights_sitenote_note":"","_monsterinsights_sitenote_category":0},"product_cat":[180],"product_tag":[],"yoast_head":"<!-- This site is optimized with the Yoast SEO plugin v21.3 - https:\/\/yoast.com\/wordpress\/plugins\/seo\/ -->\n<title>SLIMEUM (DZIE\u0143) - NATRULY<\/title>\n<meta name=\"robots\" content=\"index, follow, max-snippet:-1, max-image-preview:large, max-video-preview:-1\" \/>\n<link rel=\"canonical\" href=\"https:\/\/www.natruly.eu\/?product=slimeum-dzien\" \/>\n<meta property=\"og:locale\" content=\"pl_PL\" \/>\n<meta property=\"og:type\" content=\"article\" \/>\n<meta property=\"og:title\" content=\"SLIMEUM (DZIE\u0143) - NATRULY\" \/>\n<meta property=\"og:description\" content=\"Unikalny, je\u015bli chodzi o sk\u0142ad, w pe\u0142ni naturalny batonik od\u017aywczy, dodatkowo wspomagaj\u0105cy proces odchudzania oraz redukcji tkanki t\u0142uszczowej. Zawarte w batoniku witaminy oraz minera\u0142y pozytywnie wp\u0142yn\u0105 na stabilizacj\u0119 wagi. Zaleca si\u0119 spo\u017cywa\u0107 co najmniej 2 batoniki w ci\u0105gu dnia, popijaj\u0105c co najmniej 200 ml wody.\u00a0 Produkt w 100% naturalny. Nie zawiera konserwant\u00f3w, sztucznych barwnik\u00f3w ani [&hellip;]\" \/>\n<meta property=\"og:url\" content=\"https:\/\/www.natruly.eu\/?product=slimeum-dzien\" \/>\n<meta property=\"og:site_name\" content=\"NATRULY\" \/>\n<meta property=\"article:publisher\" content=\"https:\/\/www.facebook.com\/enklawasmaku\/\" \/>\n<meta property=\"og:image\" content=\"https:\/\/www.natruly.eu\/wp-content\/uploads\/2020\/05\/SLIMEUM_DZIEN\u0301.png\" \/>\n\t<meta property=\"og:image:width\" content=\"1920\" \/>\n\t<meta property=\"og:image:height\" content=\"1280\" \/>\n\t<meta property=\"og:image:type\" content=\"image\/png\" \/>\n<meta name=\"twitter:card\" content=\"summary_large_image\" \/>\n<meta name=\"twitter:label1\" content=\"Szacowany czas czytania\" \/>\n\t<meta name=\"twitter:data1\" content=\"1 minuta\" \/>\n<script type=\"application\/ld+json\" class=\"yoast-schema-graph\">{\"@context\":\"https:\/\/schema.org\",\"@graph\":[{\"@type\":\"WebPage\",\"@id\":\"https:\/\/www.natruly.eu\/?product=slimeum-dzien\",\"url\":\"https:\/\/www.natruly.eu\/?product=slimeum-dzien\",\"name\":\"SLIMEUM (DZIE\u0143) - NATRULY\",\"isPartOf\":{\"@id\":\"https:\/\/www.natruly.eu\/#website\"},\"datePublished\":\"2020-05-13T09:36:57+00:00\",\"dateModified\":\"2020-05-13T09:36:57+00:00\",\"breadcrumb\":{\"@id\":\"https:\/\/www.natruly.eu\/?product=slimeum-dzien#breadcrumb\"},\"inLanguage\":\"pl-PL\",\"potentialAction\":[{\"@type\":\"ReadAction\",\"target\":[\"https:\/\/www.natruly.eu\/?product=slimeum-dzien\"]}]},{\"@type\":\"BreadcrumbList\",\"@id\":\"https:\/\/www.natruly.eu\/?product=slimeum-dzien#breadcrumb\",\"itemListElement\":[{\"@type\":\"ListItem\",\"position\":1,\"name\":\"Strona g\u0142\u00f3wna\",\"item\":\"https:\/\/www.natruly.eu\/\"},{\"@type\":\"ListItem\",\"position\":2,\"name\":\"SKLEP\",\"item\":\"https:\/\/www.natruly.eu\/?page_id=1764\"},{\"@type\":\"ListItem\",\"position\":3,\"name\":\"SLIMEUM (DZIE\u0143)\"}]},{\"@type\":\"WebSite\",\"@id\":\"https:\/\/www.natruly.eu\/#website\",\"url\":\"https:\/\/www.natruly.eu\/\",\"name\":\"NATRULY\",\"description\":\"Zdrowie z natury\",\"publisher\":{\"@id\":\"https:\/\/www.natruly.eu\/#organization\"},\"potentialAction\":[{\"@type\":\"SearchAction\",\"target\":{\"@type\":\"EntryPoint\",\"urlTemplate\":\"https:\/\/www.natruly.eu\/?s={search_term_string}\"},\"query-input\":\"required name=search_term_string\"}],\"inLanguage\":\"pl-PL\"},{\"@type\":\"Organization\",\"@id\":\"https:\/\/www.natruly.eu\/#organization\",\"name\":\"NATRULY\",\"url\":\"https:\/\/www.natruly.eu\/\",\"logo\":{\"@type\":\"ImageObject\",\"inLanguage\":\"pl-PL\",\"@id\":\"https:\/\/www.natruly.eu\/#\/schema\/logo\/image\/\",\"url\":\"https:\/\/www.natruly.eu\/wp-content\/uploads\/2017\/10\/natruly-logo.png\",\"contentUrl\":\"https:\/\/www.natruly.eu\/wp-content\/uploads\/2017\/10\/natruly-logo.png\",\"width\":262,\"height\":124,\"caption\":\"NATRULY\"},\"image\":{\"@id\":\"https:\/\/www.natruly.eu\/#\/schema\/logo\/image\/\"},\"sameAs\":[\"https:\/\/www.facebook.com\/enklawasmaku\/\"]}]}<\/script>\n<!-- \/ Yoast SEO plugin. -->","yoast_head_json":{"title":"SLIMEUM (DZIE\u0143) - NATRULY","robots":{"index":"index","follow":"follow","max-snippet":"max-snippet:-1","max-image-preview":"max-image-preview:large","max-video-preview":"max-video-preview:-1"},"canonical":"https:\/\/www.natruly.eu\/?product=slimeum-dzien","og_locale":"pl_PL","og_type":"article","og_title":"SLIMEUM (DZIE\u0143) - NATRULY","og_description":"Unikalny, je\u015bli chodzi o sk\u0142ad, w pe\u0142ni naturalny batonik od\u017aywczy, dodatkowo wspomagaj\u0105cy proces odchudzania oraz redukcji tkanki t\u0142uszczowej. Zawarte w batoniku witaminy oraz minera\u0142y pozytywnie wp\u0142yn\u0105 na stabilizacj\u0119 wagi. Zaleca si\u0119 spo\u017cywa\u0107 co najmniej 2 batoniki w ci\u0105gu dnia, popijaj\u0105c co najmniej 200 ml wody.\u00a0 Produkt w 100% naturalny. Nie zawiera konserwant\u00f3w, sztucznych barwnik\u00f3w ani [&hellip;]","og_url":"https:\/\/www.natruly.eu\/?product=slimeum-dzien","og_site_name":"NATRULY","article_publisher":"https:\/\/www.facebook.com\/enklawasmaku\/","og_image":[{"width":1920,"height":1280,"url":"https:\/\/www.natruly.eu\/wp-content\/uploads\/2020\/05\/SLIMEUM_DZIEN\u0301.png","type":"image\/png"}],"twitter_card":"summary_large_image","twitter_misc":{"Szacowany czas czytania":"1 minuta"},"schema":{"@context":"https:\/\/schema.org","@graph":[{"@type":"WebPage","@id":"https:\/\/www.natruly.eu\/?product=slimeum-dzien","url":"https:\/\/www.natruly.eu\/?product=slimeum-dzien","name":"SLIMEUM (DZIE\u0143) - NATRULY","isPartOf":{"@id":"https:\/\/www.natruly.eu\/#website"},"datePublished":"2020-05-13T09:36:57+00:00","dateModified":"2020-05-13T09:36:57+00:00","breadcrumb":{"@id":"https:\/\/www.natruly.eu\/?product=slimeum-dzien#breadcrumb"},"inLanguage":"pl-PL","potentialAction":[{"@type":"ReadAction","target":["https:\/\/www.natruly.eu\/?product=slimeum-dzien"]}]},{"@type":"BreadcrumbList","@id":"https:\/\/www.natruly.eu\/?product=slimeum-dzien#breadcrumb","itemListElement":[{"@type":"ListItem","position":1,"name":"Strona g\u0142\u00f3wna","item":"https:\/\/www.natruly.eu\/"},{"@type":"ListItem","position":2,"name":"SKLEP","item":"https:\/\/www.natruly.eu\/?page_id=1764"},{"@type":"ListItem","position":3,"name":"SLIMEUM (DZIE\u0143)"}]},{"@type":"WebSite","@id":"https:\/\/www.natruly.eu\/#website","url":"https:\/\/www.natruly.eu\/","name":"NATRULY","description":"Zdrowie z natury","publisher":{"@id":"https:\/\/www.natruly.eu\/#organization"},"potentialAction":[{"@type":"SearchAction","target":{"@type":"EntryPoint","urlTemplate":"https:\/\/www.natruly.eu\/?s={search_term_string}"},"query-input":"required name=search_term_string"}],"inLanguage":"pl-PL"},{"@type":"Organization","@id":"https:\/\/www.natruly.eu\/#organization","name":"NATRULY","url":"https:\/\/www.natruly.eu\/","logo":{"@type":"ImageObject","inLanguage":"pl-PL","@id":"https:\/\/www.natruly.eu\/#\/schema\/logo\/image\/","url":"https:\/\/www.natruly.eu\/wp-content\/uploads\/2017\/10\/natruly-logo.png","contentUrl":"https:\/\/www.natruly.eu\/wp-content\/uploads\/2017\/10\/natruly-logo.png","width":262,"height":124,"caption":"NATRULY"},"image":{"@id":"https:\/\/www.natruly.eu\/#\/schema\/logo\/image\/"},"sameAs":["https:\/\/www.facebook.com\/enklawasmaku\/"]}]}},"_links":{"self":[{"href":"https:\/\/www.natruly.eu\/index.php?rest_route=\/wp\/v2\/product\/13071"}],"collection":[{"href":"https:\/\/www.natruly.eu\/index.php?rest_route=\/wp\/v2\/product"}],"about":[{"href":"https:\/\/www.natruly.eu\/index.php?rest_route=\/wp\/v2\/types\/product"}],"replies":[{"embeddable":true,"href":"https:\/\/www.natruly.eu\/index.php?rest_route=%2Fwp%2Fv2%2Fcomments&post=13071"}],"wp:featuredmedia":[{"embeddable":true,"href":"https:\/\/www.natruly.eu\/index.php?rest_route=\/wp\/v2\/media\/13081"}],"wp:attachment":[{"href":"https:\/\/www.natruly.eu\/index.php?rest_route=%2Fwp%2Fv2%2Fmedia&parent=13071"}],"wp:term":[{"taxonomy":"product_cat","embeddable":true,"href":"https:\/\/www.natruly.eu\/index.php?rest_route=%2Fwp%2Fv2%2Fproduct_cat&post=13071"},{"taxonomy":"product_tag","embeddable":true,"href":"https:\/\/www.natruly.eu\/index.php?rest_route=%2Fwp%2Fv2%2Fproduct_tag&post=13071"}],"curies":[{"name":"wp","href":"https:\/\/api.w.org\/{rel}","templated":true}]}}