{"id":13073,"date":"2020-05-07T10:13:49","date_gmt":"2020-05-07T10:13:49","guid":{"rendered":"https:\/\/www.natruly.eu\/?post_type=product&#038;p=13073"},"modified":"2021-01-25T14:41:11","modified_gmt":"2021-01-25T14:41:11","slug":"slimeum-poranek","status":"publish","type":"product","link":"https:\/\/www.natruly.eu\/?product=slimeum-poranek","title":{"rendered":"SLIMEUM (PORANEK)"},"content":{"rendered":"<h3><span style=\"color: #666666;\"><span style=\"font-size: 14px;\">Unikalny, je\u015bli chodzi o sk\u0142ad, w pe\u0142ni naturalny batonik od\u017aywczy, dodatkowo wspomagaj\u0105cy proces odchudzania oraz redukcji tkanki t\u0142uszczowej. Zawarte w batoniku witaminy oraz minera\u0142y pozytywnie wp\u0142yn\u0105 na stabilizacj\u0119 wagi. Zaleca si\u0119 spo\u017cywa\u0107 batonik na czczo, popijaj\u0105c co najmniej 200 ml wody. Zjedzenie dodatkowo jab\u0142ka wzmocni efekt dzia\u0142ani abatonika.<\/span><\/span><\/h3>\n<div class=\"text_exposed_show\">\n<p>Produkt w 100% naturalny. Nie zawiera konserwant\u00f3w, sztucznych barwnik\u00f3w ani sztucznych aromat\u00f3w. Wolny od GMO.<\/p>\n<h3>WYKAZ SK\u0141ADNIK\u00d3W<\/h3>\n<p>Owoce i nasiona jag\u00f3d goji, nasiona ostropestu, fasola, suszone morele, nasiona amarantusa, kie\u0142kuj\u0105ce nasiona: owsa, pszenicy, kie\u0142kuj\u0105ce proso, nasiona czarnego kminu, kaktuloza, glicyna, naturalne koncentraty: kurkumy, sumy, szar\u0142atu, ostrokrzewu, imbiru, sok z ananasa.<\/p>\n<p>&nbsp;<\/p>\n<\/div>\n<h3>WITAMINY I MINERA\u0141Y (1 BATONIK, 5O G)<\/h3>\n<div class=\"text_exposed_show\">\n<p>Witamina A | Karoten\u00a0 | Witamina E | Leucyna | Lizyna| Treonina | Witamina B1 | Witamina B2 | Witamina B6 | Witamina C | Witamina D\u00a0 | Witamina B9 | Witamina B5 | Witamina K |Magnez\u00a0 | Mangan | \u017belazo | Jod\u00a0 | Cynk\u00a0 | Potas | Selen | Wap\u0144<\/p>\n<p>&nbsp;<\/p>\n<\/div>\n<h3>WARTO\u015aCI OD\u017bYWCZE<\/h3>\n<div class=\"text_exposed_show\">\n<table style=\"width: 680px;\">\n<tbody>\n<tr>\n<td style=\"width: 312px;\"><strong>Informacja \u017cywieniowa<\/strong><\/td>\n<td style=\"width: 186px;\"><strong>1 batonik (50 g)<\/strong><\/td>\n<td style=\"width: 174px;\"><strong>100 g<\/strong><\/td>\n<\/tr>\n<tr>\n<td style=\"width: 312px;\">Warto\u015b\u0107 energetyczna<\/td>\n<td style=\"width: 186px;\">135 kcal<\/td>\n<td style=\"width: 174px;\">270 kcal<\/td>\n<\/tr>\n<tr>\n<td style=\"width: 312px;\">Bia\u0142ka<\/td>\n<td style=\"width: 186px;\">10.5 g<\/td>\n<td style=\"width: 174px;\">21 g<\/td>\n<\/tr>\n<tr>\n<td style=\"width: 312px;\">T\u0142uszcze<\/td>\n<td style=\"width: 186px;\">0.5 g<\/td>\n<td style=\"width: 174px;\">1 g<\/td>\n<\/tr>\n<tr>\n<td style=\"width: 312px; padding-left: 40px;\">nasycone<\/td>\n<td style=\"width: 186px;\">0.2 g<\/td>\n<td style=\"width: 174px;\">0.1 g<\/td>\n<\/tr>\n<tr>\n<td style=\"width: 312px;\">W\u0119glowodany<\/td>\n<td style=\"width: 186px;\">18.5 g<\/td>\n<td style=\"width: 174px;\">37 g<\/td>\n<\/tr>\n<tr>\n<td style=\"width: 312px; padding-left: 40px;\">w tym cukry<\/td>\n<td style=\"width: 186px;\">1.5 g<\/td>\n<td style=\"width: 174px;\">3 g<\/td>\n<\/tr>\n<\/tbody>\n<\/table>\n<p>&nbsp;<\/p>\n<h3>SPOS\u00d3B PRZECHOWYWANIA<\/h3>\n<p>Przechowywa\u0107 w miejscu w suchym miejscu w temperaturze poni\u017cej 25 stopni.<\/p>\n<p>&nbsp;<\/p>\n<h3>ZAWARTO\u015a\u0106 OPAKOWANIA<\/h3>\n<p>1 batonik (50 gram)<\/p>\n<p>Wyprodukowano w Rosji (A\u0142tajski Kraj).<\/p>\n<\/div>\n<span class=\"et_bloom_bottom_trigger\"><\/span>","protected":false},"excerpt":{"rendered":"<p>Unikalny, je\u015bli chodzi o sk\u0142ad, w pe\u0142ni naturalny batonik od\u017aywczy, dodatkowo wspomagaj\u0105cy proces odchudzania oraz redukcji tkanki t\u0142uszczowej. Zawarte w batoniku witaminy oraz minera\u0142y pozytywnie wp\u0142yn\u0105 na stabilizacj\u0119 wagi. Zaleca si\u0119 spo\u017cywa\u0107 batonik na czczo, popijaj\u0105c co najmniej 200 ml wody. Zjedzenie dodatkowo jab\u0142ka wzmocni efekt dzia\u0142ani abatonika. Produkt w 100% naturalny. Nie zawiera konserwant\u00f3w, [&hellip;]<\/p>\n","protected":false},"featured_media":13080,"comment_status":"open","ping_status":"closed","template":"","meta":{"_et_pb_use_builder":"","_et_pb_old_content":"","_et_gb_content_width":"","_mi_skip_tracking":false,"_monsterinsights_sitenote_active":false,"_monsterinsights_sitenote_note":"","_monsterinsights_sitenote_category":0},"product_cat":[180],"product_tag":[],"yoast_head":"<!-- This site is optimized with the Yoast SEO plugin v21.3 - https:\/\/yoast.com\/wordpress\/plugins\/seo\/ -->\n<title>SLIMEUM (PORANEK) - NATRULY<\/title>\n<meta name=\"robots\" content=\"index, follow, max-snippet:-1, max-image-preview:large, max-video-preview:-1\" \/>\n<link rel=\"canonical\" href=\"https:\/\/www.natruly.eu\/?product=slimeum-poranek\" \/>\n<meta property=\"og:locale\" content=\"pl_PL\" \/>\n<meta property=\"og:type\" content=\"article\" \/>\n<meta property=\"og:title\" content=\"SLIMEUM (PORANEK) - NATRULY\" \/>\n<meta property=\"og:description\" content=\"Unikalny, je\u015bli chodzi o sk\u0142ad, w pe\u0142ni naturalny batonik od\u017aywczy, dodatkowo wspomagaj\u0105cy proces odchudzania oraz redukcji tkanki t\u0142uszczowej. Zawarte w batoniku witaminy oraz minera\u0142y pozytywnie wp\u0142yn\u0105 na stabilizacj\u0119 wagi. Zaleca si\u0119 spo\u017cywa\u0107 batonik na czczo, popijaj\u0105c co najmniej 200 ml wody. Zjedzenie dodatkowo jab\u0142ka wzmocni efekt dzia\u0142ani abatonika. Produkt w 100% naturalny. Nie zawiera konserwant\u00f3w, [&hellip;]\" \/>\n<meta property=\"og:url\" content=\"https:\/\/www.natruly.eu\/?product=slimeum-poranek\" \/>\n<meta property=\"og:site_name\" content=\"NATRULY\" \/>\n<meta property=\"article:publisher\" content=\"https:\/\/www.facebook.com\/enklawasmaku\/\" \/>\n<meta property=\"article:modified_time\" content=\"2021-01-25T14:41:11+00:00\" \/>\n<meta property=\"og:image\" content=\"https:\/\/www.natruly.eu\/wp-content\/uploads\/2020\/05\/SLIMEUM_Poranek.png\" \/>\n\t<meta property=\"og:image:width\" content=\"1920\" \/>\n\t<meta property=\"og:image:height\" content=\"1280\" \/>\n\t<meta property=\"og:image:type\" content=\"image\/png\" \/>\n<meta name=\"twitter:card\" content=\"summary_large_image\" \/>\n<meta name=\"twitter:label1\" content=\"Szacowany czas czytania\" \/>\n\t<meta name=\"twitter:data1\" content=\"1 minuta\" \/>\n<script type=\"application\/ld+json\" class=\"yoast-schema-graph\">{\"@context\":\"https:\/\/schema.org\",\"@graph\":[{\"@type\":\"WebPage\",\"@id\":\"https:\/\/www.natruly.eu\/?product=slimeum-poranek\",\"url\":\"https:\/\/www.natruly.eu\/?product=slimeum-poranek\",\"name\":\"SLIMEUM (PORANEK) - NATRULY\",\"isPartOf\":{\"@id\":\"https:\/\/www.natruly.eu\/#website\"},\"datePublished\":\"2020-05-07T10:13:49+00:00\",\"dateModified\":\"2021-01-25T14:41:11+00:00\",\"breadcrumb\":{\"@id\":\"https:\/\/www.natruly.eu\/?product=slimeum-poranek#breadcrumb\"},\"inLanguage\":\"pl-PL\",\"potentialAction\":[{\"@type\":\"ReadAction\",\"target\":[\"https:\/\/www.natruly.eu\/?product=slimeum-poranek\"]}]},{\"@type\":\"BreadcrumbList\",\"@id\":\"https:\/\/www.natruly.eu\/?product=slimeum-poranek#breadcrumb\",\"itemListElement\":[{\"@type\":\"ListItem\",\"position\":1,\"name\":\"Strona g\u0142\u00f3wna\",\"item\":\"https:\/\/www.natruly.eu\/\"},{\"@type\":\"ListItem\",\"position\":2,\"name\":\"SKLEP\",\"item\":\"https:\/\/www.natruly.eu\/?page_id=1764\"},{\"@type\":\"ListItem\",\"position\":3,\"name\":\"SLIMEUM (PORANEK)\"}]},{\"@type\":\"WebSite\",\"@id\":\"https:\/\/www.natruly.eu\/#website\",\"url\":\"https:\/\/www.natruly.eu\/\",\"name\":\"NATRULY\",\"description\":\"Zdrowie z natury\",\"publisher\":{\"@id\":\"https:\/\/www.natruly.eu\/#organization\"},\"potentialAction\":[{\"@type\":\"SearchAction\",\"target\":{\"@type\":\"EntryPoint\",\"urlTemplate\":\"https:\/\/www.natruly.eu\/?s={search_term_string}\"},\"query-input\":\"required name=search_term_string\"}],\"inLanguage\":\"pl-PL\"},{\"@type\":\"Organization\",\"@id\":\"https:\/\/www.natruly.eu\/#organization\",\"name\":\"NATRULY\",\"url\":\"https:\/\/www.natruly.eu\/\",\"logo\":{\"@type\":\"ImageObject\",\"inLanguage\":\"pl-PL\",\"@id\":\"https:\/\/www.natruly.eu\/#\/schema\/logo\/image\/\",\"url\":\"https:\/\/www.natruly.eu\/wp-content\/uploads\/2017\/10\/natruly-logo.png\",\"contentUrl\":\"https:\/\/www.natruly.eu\/wp-content\/uploads\/2017\/10\/natruly-logo.png\",\"width\":262,\"height\":124,\"caption\":\"NATRULY\"},\"image\":{\"@id\":\"https:\/\/www.natruly.eu\/#\/schema\/logo\/image\/\"},\"sameAs\":[\"https:\/\/www.facebook.com\/enklawasmaku\/\"]}]}<\/script>\n<!-- \/ Yoast SEO plugin. -->","yoast_head_json":{"title":"SLIMEUM (PORANEK) - NATRULY","robots":{"index":"index","follow":"follow","max-snippet":"max-snippet:-1","max-image-preview":"max-image-preview:large","max-video-preview":"max-video-preview:-1"},"canonical":"https:\/\/www.natruly.eu\/?product=slimeum-poranek","og_locale":"pl_PL","og_type":"article","og_title":"SLIMEUM (PORANEK) - NATRULY","og_description":"Unikalny, je\u015bli chodzi o sk\u0142ad, w pe\u0142ni naturalny batonik od\u017aywczy, dodatkowo wspomagaj\u0105cy proces odchudzania oraz redukcji tkanki t\u0142uszczowej. Zawarte w batoniku witaminy oraz minera\u0142y pozytywnie wp\u0142yn\u0105 na stabilizacj\u0119 wagi. Zaleca si\u0119 spo\u017cywa\u0107 batonik na czczo, popijaj\u0105c co najmniej 200 ml wody. Zjedzenie dodatkowo jab\u0142ka wzmocni efekt dzia\u0142ani abatonika. Produkt w 100% naturalny. Nie zawiera konserwant\u00f3w, [&hellip;]","og_url":"https:\/\/www.natruly.eu\/?product=slimeum-poranek","og_site_name":"NATRULY","article_publisher":"https:\/\/www.facebook.com\/enklawasmaku\/","article_modified_time":"2021-01-25T14:41:11+00:00","og_image":[{"width":1920,"height":1280,"url":"https:\/\/www.natruly.eu\/wp-content\/uploads\/2020\/05\/SLIMEUM_Poranek.png","type":"image\/png"}],"twitter_card":"summary_large_image","twitter_misc":{"Szacowany czas czytania":"1 minuta"},"schema":{"@context":"https:\/\/schema.org","@graph":[{"@type":"WebPage","@id":"https:\/\/www.natruly.eu\/?product=slimeum-poranek","url":"https:\/\/www.natruly.eu\/?product=slimeum-poranek","name":"SLIMEUM (PORANEK) - NATRULY","isPartOf":{"@id":"https:\/\/www.natruly.eu\/#website"},"datePublished":"2020-05-07T10:13:49+00:00","dateModified":"2021-01-25T14:41:11+00:00","breadcrumb":{"@id":"https:\/\/www.natruly.eu\/?product=slimeum-poranek#breadcrumb"},"inLanguage":"pl-PL","potentialAction":[{"@type":"ReadAction","target":["https:\/\/www.natruly.eu\/?product=slimeum-poranek"]}]},{"@type":"BreadcrumbList","@id":"https:\/\/www.natruly.eu\/?product=slimeum-poranek#breadcrumb","itemListElement":[{"@type":"ListItem","position":1,"name":"Strona g\u0142\u00f3wna","item":"https:\/\/www.natruly.eu\/"},{"@type":"ListItem","position":2,"name":"SKLEP","item":"https:\/\/www.natruly.eu\/?page_id=1764"},{"@type":"ListItem","position":3,"name":"SLIMEUM (PORANEK)"}]},{"@type":"WebSite","@id":"https:\/\/www.natruly.eu\/#website","url":"https:\/\/www.natruly.eu\/","name":"NATRULY","description":"Zdrowie z natury","publisher":{"@id":"https:\/\/www.natruly.eu\/#organization"},"potentialAction":[{"@type":"SearchAction","target":{"@type":"EntryPoint","urlTemplate":"https:\/\/www.natruly.eu\/?s={search_term_string}"},"query-input":"required name=search_term_string"}],"inLanguage":"pl-PL"},{"@type":"Organization","@id":"https:\/\/www.natruly.eu\/#organization","name":"NATRULY","url":"https:\/\/www.natruly.eu\/","logo":{"@type":"ImageObject","inLanguage":"pl-PL","@id":"https:\/\/www.natruly.eu\/#\/schema\/logo\/image\/","url":"https:\/\/www.natruly.eu\/wp-content\/uploads\/2017\/10\/natruly-logo.png","contentUrl":"https:\/\/www.natruly.eu\/wp-content\/uploads\/2017\/10\/natruly-logo.png","width":262,"height":124,"caption":"NATRULY"},"image":{"@id":"https:\/\/www.natruly.eu\/#\/schema\/logo\/image\/"},"sameAs":["https:\/\/www.facebook.com\/enklawasmaku\/"]}]}},"_links":{"self":[{"href":"https:\/\/www.natruly.eu\/index.php?rest_route=\/wp\/v2\/product\/13073"}],"collection":[{"href":"https:\/\/www.natruly.eu\/index.php?rest_route=\/wp\/v2\/product"}],"about":[{"href":"https:\/\/www.natruly.eu\/index.php?rest_route=\/wp\/v2\/types\/product"}],"replies":[{"embeddable":true,"href":"https:\/\/www.natruly.eu\/index.php?rest_route=%2Fwp%2Fv2%2Fcomments&post=13073"}],"wp:featuredmedia":[{"embeddable":true,"href":"https:\/\/www.natruly.eu\/index.php?rest_route=\/wp\/v2\/media\/13080"}],"wp:attachment":[{"href":"https:\/\/www.natruly.eu\/index.php?rest_route=%2Fwp%2Fv2%2Fmedia&parent=13073"}],"wp:term":[{"taxonomy":"product_cat","embeddable":true,"href":"https:\/\/www.natruly.eu\/index.php?rest_route=%2Fwp%2Fv2%2Fproduct_cat&post=13073"},{"taxonomy":"product_tag","embeddable":true,"href":"https:\/\/www.natruly.eu\/index.php?rest_route=%2Fwp%2Fv2%2Fproduct_tag&post=13073"}],"curies":[{"name":"wp","href":"https:\/\/api.w.org\/{rel}","templated":true}]}}