{"id":13645,"date":"2021-04-14T15:31:19","date_gmt":"2021-04-14T15:31:19","guid":{"rendered":"https:\/\/www.natruly.eu\/?post_type=product&#038;p=13645"},"modified":"2023-06-28T08:05:59","modified_gmt":"2023-06-28T08:05:59","slug":"mumio-miodowe-100g","status":"publish","type":"product","link":"https:\/\/www.natruly.eu\/?product=mumio-miodowe-100g","title":{"rendered":"MUMIO MIODOWE 100G"},"content":{"rendered":"<h3><\/h3>\n<p>Oryginalne Mumio pochodz\u0105ce z G\u00f3rnego A\u0142taju przyjmuje form\u0119 czarnej masy o intensywnym, ci\u0119\u017ckim zapachu i gorzkim smaku, z wygl\u0105du przypominaj\u0105ce mieszank\u0119 \u017cywicy i dziegciu. Mumio pozyskiwane jest g\u00f3rskich ubytk\u00f3w skalnych oraz szczelin, z kt\u00f3rych w naturalny spos\u00f3b wyp\u0142ywa. Z tego te\u017c powodu cz\u0119sto nazywane jest skaln\u0105 \u017cywic\u0105 lub \u0142zami ska\u0142. W sk\u0142ad Mumio wchodz\u0105 nieorganiczne i organiczne, aktywne zwi\u0105zki cz\u0119sto zmieszane z piaskiem i \u017cwirem. Dlatego, aby przygotowa\u0107 Mumio do spo\u017cycia wymagane jest jego oczyszczenie w niskotemperaturowych warunkach, dzi\u0119ki czemu nie traci ono swoich w\u0142a\u015bciwo\u015bci (w przypadku naszego produktu, oczyszczanie nast\u0119puje w temperaturze 26 stopni Celsjusza). Mi\u00f3d, z kt\u00f3rym zmieszano Mumio pochodzi z G\u00f3rnego A\u0142taju i jest pozyskiwany w dzikich rejonach na wysoko\u015bci powy\u017cej 1500m, obfituj\u0105cych w przer\u00f3\u017cne zio\u0142a i kwiaty.<\/p>\n<div class=\"text_exposed_show\">\n<p>Zakres zastosowa\u0144 Mumio Miodowego jest bardzo szeroki &#8211; mi\u0119dzy innymi:<\/p>\n<ul>\n<li>pomaga w utrzymaniu zdrowia uk\u0142adu moczowego i prostaty,<\/li>\n<li>wspomaga metabolizm t\u0142uszcz\u00f3w i cukr\u00f3w,<\/li>\n<li>pomaga znormalizowa\u0107 mas\u0119 cia\u0142a,<\/li>\n<li>wspomaga utrzymanie sprawno\u015bci seksualnej m\u0119\u017cczyzn i kobiet,<\/li>\n<li>pomaga utrzyma\u0107 r\u00f3wnowag\u0119 i komfort cyklu miesi\u0105czkowego,<\/li>\n<li>pomaga utrzyma\u0107 wytrzyma\u0142o\u015b\u0107 ko\u015bci oraz funkcjonowanie<br \/>\nstaw\u00f3w,<\/li>\n<li>ma znacz\u0105ce w\u0142a\u015bciwo\u015bci antyoksydacyjne,<\/li>\n<li>wspiera funkcjonowanie uk\u0142adu odporno\u015bciowego,<\/li>\n<li>wspomaga funkcje umys\u0142owe i poznawcze,<\/li>\n<li>dzia\u0142a odm\u0142adzaj\u0105co.<\/li>\n<\/ul>\n<p>Zmieszanie oryginalnego a\u0142tajskiego mumio z polskim miodem skutkuje szybsz\u0105 jego przyswajalno\u015bci\u0105 oraz mo\u017cliwo\u015bci\u0105 przyjmowania bez rozpuszczania w wodzie.<\/p>\n<h3>WYKAZ SK\u0141ADNIK\u00d3W<\/h3>\n<p>Polski mi\u00f3d, pochodz\u0105cy z rodzinnej pasieki (90%), oryginalne Mumio oczyszczone, pochodz\u0105ce z G\u00f3rnego A\u0142taju (10%).<\/p>\n<p>&nbsp;<\/p>\n<\/div>\n<h3><\/h3>\n<div class=\"text_exposed_show\">\n<h3>SPOS\u00d3B U\u017bYCIA<\/h3>\n<p>Jeden raz dziennie, oko\u0142o 2.5 g (oko\u0142o 1\/3 \u0142y\u017ceczki do herbaty) Mumio miodowego rozpu\u015bci\u0107 w 50 ml mleka,\u00a0soku\u00a0albo wody i wypi\u0107 przed snem albo przyj\u0105\u0107 pod j\u0119zyk, bez rozpuszczania. Nie przekracza\u0107 zalecanej porcji do spo\u017cycia w ci\u0105gu dnia.<\/p>\n<p>&nbsp;<\/p>\n<h3>\u015aRODKI OSTRO\u017bNO\u015aCI<\/h3>\n<p>Suplement diety nie mo\u017ce by\u0107 stosowany jako substytut zr\u00f3\u017cnicowanej diety. Zr\u00f3\u017cnicowana dieta i zdrowy tryb \u017cycia s\u0105 istotne dla zachowania zdrowia.<\/p>\n<p>&nbsp;<\/p>\n<h3>SKUTKI UBOCZNE<\/h3>\n<p>Nie wykazano \u017cadnych skutk\u00f3w ubocznych zwi\u0105zanych ze stosowaniem mumio w zalecanych dawkach. Kobiety w ci\u0105\u017cy i karmi\u0105ce piersi\u0105 powinny skontaktowa\u0107 si\u0119 z lekarzem przed przyjmowaniem mumio, gdy\u017c nie zbadano jego wp\u0142ywu na p\u0142\u00f3d i niemowl\u0119ta.<\/p>\n<p>&nbsp;<\/p>\n<h3>SPOS\u00d3B PRZECHOWYWANIA<\/h3>\n<p>Przechowywa\u0107 w miejscu niedost\u0119pnym dla ma\u0142ych dzieci w temperaturze poni\u017cej 25 stopni.<\/p>\n<p>&nbsp;<\/p>\n<h3>ZAWARTO\u015a\u0106 OPAKOWANIA<\/h3>\n<p>S\u0142oiczek zawieraj\u0105cy 100 gram\u00f3w mumio.<\/p>\n<p>Wyprodukowano w Polsce. Mumio wykorzystane do produkcji jest pozyskiwane w rejonie Kosz-Agacz na wysoko\u015bci oko\u0142o 3500 metr\u00f3w n.p.m.\u00a0&#8211; najmniej zaludnionej cz\u0119\u015bci G\u00f3rnego A\u0142taju.<\/p>\n<p>&nbsp;<\/p>\n<\/div>\n<span class=\"et_bloom_bottom_trigger\"><\/span>","protected":false},"excerpt":{"rendered":"<p>Oryginalne Mumio to prawdziwy dar natury, Zapisy o pozytywnym wp\u0142ywie Mumio na organizm cz\u0142owieka znaleziono w literaturze traktuj\u0105cej o ajurwedziej, licz\u0105cej ponad 5 tysi\u0119cy lat. O jej pozytywnym wp\u0142ywie na organizm pisa\u0142 tak\u017ce Arystoteles oraz medycy staro\u017cytnego \u015bwiata arabskiego: Awicenna (Abu Ali ibn Sina) i Abu Rajchan Muchammad ibn Achmed al.-Beruni. Oryginalne aktywne a\u0142tajskie mumio jz a\u0142tajskim miodem est dost\u0119pne tylko u nas<\/p>\n","protected":false},"featured_media":13647,"comment_status":"open","ping_status":"closed","template":"","meta":{"_et_pb_use_builder":"","_et_pb_old_content":"","_et_gb_content_width":"","_mi_skip_tracking":false,"_monsterinsights_sitenote_active":false,"_monsterinsights_sitenote_note":"","_monsterinsights_sitenote_category":0},"product_cat":[166],"product_tag":[],"yoast_head":"<!-- This site is optimized with the Yoast SEO plugin v21.3 - https:\/\/yoast.com\/wordpress\/plugins\/seo\/ -->\n<title>MUMIO MIODOWE 100G - NATRULY<\/title>\n<meta name=\"robots\" content=\"index, follow, max-snippet:-1, max-image-preview:large, max-video-preview:-1\" \/>\n<link rel=\"canonical\" href=\"https:\/\/www.natruly.eu\/?product=mumio-miodowe-100g\" \/>\n<meta property=\"og:locale\" content=\"pl_PL\" \/>\n<meta property=\"og:type\" content=\"article\" \/>\n<meta property=\"og:title\" content=\"MUMIO MIODOWE 100G - NATRULY\" \/>\n<meta property=\"og:description\" content=\"Oryginalne Mumio to prawdziwy dar natury, Zapisy o pozytywnym wp\u0142ywie Mumio na organizm cz\u0142owieka znaleziono w literaturze traktuj\u0105cej o ajurwedziej, licz\u0105cej ponad 5 tysi\u0119cy lat. O jej pozytywnym wp\u0142ywie na organizm pisa\u0142 tak\u017ce Arystoteles oraz medycy staro\u017cytnego \u015bwiata arabskiego: Awicenna (Abu Ali ibn Sina) i Abu Rajchan Muchammad ibn Achmed al.-Beruni. Oryginalne aktywne a\u0142tajskie mumio jz a\u0142tajskim miodem est dost\u0119pne tylko u nas\" \/>\n<meta property=\"og:url\" content=\"https:\/\/www.natruly.eu\/?product=mumio-miodowe-100g\" \/>\n<meta property=\"og:site_name\" content=\"NATRULY\" \/>\n<meta property=\"article:publisher\" content=\"https:\/\/www.facebook.com\/enklawasmaku\/\" \/>\n<meta property=\"article:modified_time\" content=\"2023-06-28T08:05:59+00:00\" \/>\n<meta property=\"og:image\" content=\"https:\/\/www.natruly.eu\/wp-content\/uploads\/2021\/04\/Wizualizacja-WWW.png\" \/>\n\t<meta property=\"og:image:width\" content=\"900\" \/>\n\t<meta property=\"og:image:height\" content=\"750\" \/>\n\t<meta property=\"og:image:type\" content=\"image\/png\" \/>\n<meta name=\"twitter:card\" content=\"summary_large_image\" \/>\n<meta name=\"twitter:label1\" content=\"Szacowany czas czytania\" \/>\n\t<meta name=\"twitter:data1\" content=\"3 minuty\" \/>\n<script type=\"application\/ld+json\" class=\"yoast-schema-graph\">{\"@context\":\"https:\/\/schema.org\",\"@graph\":[{\"@type\":\"WebPage\",\"@id\":\"https:\/\/www.natruly.eu\/?product=mumio-miodowe-100g\",\"url\":\"https:\/\/www.natruly.eu\/?product=mumio-miodowe-100g\",\"name\":\"MUMIO MIODOWE 100G - NATRULY\",\"isPartOf\":{\"@id\":\"https:\/\/www.natruly.eu\/#website\"},\"datePublished\":\"2021-04-14T15:31:19+00:00\",\"dateModified\":\"2023-06-28T08:05:59+00:00\",\"breadcrumb\":{\"@id\":\"https:\/\/www.natruly.eu\/?product=mumio-miodowe-100g#breadcrumb\"},\"inLanguage\":\"pl-PL\",\"potentialAction\":[{\"@type\":\"ReadAction\",\"target\":[\"https:\/\/www.natruly.eu\/?product=mumio-miodowe-100g\"]}]},{\"@type\":\"BreadcrumbList\",\"@id\":\"https:\/\/www.natruly.eu\/?product=mumio-miodowe-100g#breadcrumb\",\"itemListElement\":[{\"@type\":\"ListItem\",\"position\":1,\"name\":\"Strona g\u0142\u00f3wna\",\"item\":\"https:\/\/www.natruly.eu\/\"},{\"@type\":\"ListItem\",\"position\":2,\"name\":\"SKLEP\",\"item\":\"https:\/\/www.natruly.eu\/?page_id=1764\"},{\"@type\":\"ListItem\",\"position\":3,\"name\":\"MUMIO MIODOWE 100G\"}]},{\"@type\":\"WebSite\",\"@id\":\"https:\/\/www.natruly.eu\/#website\",\"url\":\"https:\/\/www.natruly.eu\/\",\"name\":\"NATRULY\",\"description\":\"Zdrowie z natury\",\"publisher\":{\"@id\":\"https:\/\/www.natruly.eu\/#organization\"},\"potentialAction\":[{\"@type\":\"SearchAction\",\"target\":{\"@type\":\"EntryPoint\",\"urlTemplate\":\"https:\/\/www.natruly.eu\/?s={search_term_string}\"},\"query-input\":\"required name=search_term_string\"}],\"inLanguage\":\"pl-PL\"},{\"@type\":\"Organization\",\"@id\":\"https:\/\/www.natruly.eu\/#organization\",\"name\":\"NATRULY\",\"url\":\"https:\/\/www.natruly.eu\/\",\"logo\":{\"@type\":\"ImageObject\",\"inLanguage\":\"pl-PL\",\"@id\":\"https:\/\/www.natruly.eu\/#\/schema\/logo\/image\/\",\"url\":\"https:\/\/www.natruly.eu\/wp-content\/uploads\/2017\/10\/natruly-logo.png\",\"contentUrl\":\"https:\/\/www.natruly.eu\/wp-content\/uploads\/2017\/10\/natruly-logo.png\",\"width\":262,\"height\":124,\"caption\":\"NATRULY\"},\"image\":{\"@id\":\"https:\/\/www.natruly.eu\/#\/schema\/logo\/image\/\"},\"sameAs\":[\"https:\/\/www.facebook.com\/enklawasmaku\/\"]}]}<\/script>\n<!-- \/ Yoast SEO plugin. -->","yoast_head_json":{"title":"MUMIO MIODOWE 100G - NATRULY","robots":{"index":"index","follow":"follow","max-snippet":"max-snippet:-1","max-image-preview":"max-image-preview:large","max-video-preview":"max-video-preview:-1"},"canonical":"https:\/\/www.natruly.eu\/?product=mumio-miodowe-100g","og_locale":"pl_PL","og_type":"article","og_title":"MUMIO MIODOWE 100G - NATRULY","og_description":"Oryginalne Mumio to prawdziwy dar natury, Zapisy o pozytywnym wp\u0142ywie Mumio na organizm cz\u0142owieka znaleziono w literaturze traktuj\u0105cej o ajurwedziej, licz\u0105cej ponad 5 tysi\u0119cy lat. O jej pozytywnym wp\u0142ywie na organizm pisa\u0142 tak\u017ce Arystoteles oraz medycy staro\u017cytnego \u015bwiata arabskiego: Awicenna (Abu Ali ibn Sina) i Abu Rajchan Muchammad ibn Achmed al.-Beruni. Oryginalne aktywne a\u0142tajskie mumio jz a\u0142tajskim miodem est dost\u0119pne tylko u nas","og_url":"https:\/\/www.natruly.eu\/?product=mumio-miodowe-100g","og_site_name":"NATRULY","article_publisher":"https:\/\/www.facebook.com\/enklawasmaku\/","article_modified_time":"2023-06-28T08:05:59+00:00","og_image":[{"width":900,"height":750,"url":"https:\/\/www.natruly.eu\/wp-content\/uploads\/2021\/04\/Wizualizacja-WWW.png","type":"image\/png"}],"twitter_card":"summary_large_image","twitter_misc":{"Szacowany czas czytania":"3 minuty"},"schema":{"@context":"https:\/\/schema.org","@graph":[{"@type":"WebPage","@id":"https:\/\/www.natruly.eu\/?product=mumio-miodowe-100g","url":"https:\/\/www.natruly.eu\/?product=mumio-miodowe-100g","name":"MUMIO MIODOWE 100G - NATRULY","isPartOf":{"@id":"https:\/\/www.natruly.eu\/#website"},"datePublished":"2021-04-14T15:31:19+00:00","dateModified":"2023-06-28T08:05:59+00:00","breadcrumb":{"@id":"https:\/\/www.natruly.eu\/?product=mumio-miodowe-100g#breadcrumb"},"inLanguage":"pl-PL","potentialAction":[{"@type":"ReadAction","target":["https:\/\/www.natruly.eu\/?product=mumio-miodowe-100g"]}]},{"@type":"BreadcrumbList","@id":"https:\/\/www.natruly.eu\/?product=mumio-miodowe-100g#breadcrumb","itemListElement":[{"@type":"ListItem","position":1,"name":"Strona g\u0142\u00f3wna","item":"https:\/\/www.natruly.eu\/"},{"@type":"ListItem","position":2,"name":"SKLEP","item":"https:\/\/www.natruly.eu\/?page_id=1764"},{"@type":"ListItem","position":3,"name":"MUMIO MIODOWE 100G"}]},{"@type":"WebSite","@id":"https:\/\/www.natruly.eu\/#website","url":"https:\/\/www.natruly.eu\/","name":"NATRULY","description":"Zdrowie z natury","publisher":{"@id":"https:\/\/www.natruly.eu\/#organization"},"potentialAction":[{"@type":"SearchAction","target":{"@type":"EntryPoint","urlTemplate":"https:\/\/www.natruly.eu\/?s={search_term_string}"},"query-input":"required name=search_term_string"}],"inLanguage":"pl-PL"},{"@type":"Organization","@id":"https:\/\/www.natruly.eu\/#organization","name":"NATRULY","url":"https:\/\/www.natruly.eu\/","logo":{"@type":"ImageObject","inLanguage":"pl-PL","@id":"https:\/\/www.natruly.eu\/#\/schema\/logo\/image\/","url":"https:\/\/www.natruly.eu\/wp-content\/uploads\/2017\/10\/natruly-logo.png","contentUrl":"https:\/\/www.natruly.eu\/wp-content\/uploads\/2017\/10\/natruly-logo.png","width":262,"height":124,"caption":"NATRULY"},"image":{"@id":"https:\/\/www.natruly.eu\/#\/schema\/logo\/image\/"},"sameAs":["https:\/\/www.facebook.com\/enklawasmaku\/"]}]}},"_links":{"self":[{"href":"https:\/\/www.natruly.eu\/index.php?rest_route=\/wp\/v2\/product\/13645"}],"collection":[{"href":"https:\/\/www.natruly.eu\/index.php?rest_route=\/wp\/v2\/product"}],"about":[{"href":"https:\/\/www.natruly.eu\/index.php?rest_route=\/wp\/v2\/types\/product"}],"replies":[{"embeddable":true,"href":"https:\/\/www.natruly.eu\/index.php?rest_route=%2Fwp%2Fv2%2Fcomments&post=13645"}],"wp:featuredmedia":[{"embeddable":true,"href":"https:\/\/www.natruly.eu\/index.php?rest_route=\/wp\/v2\/media\/13647"}],"wp:attachment":[{"href":"https:\/\/www.natruly.eu\/index.php?rest_route=%2Fwp%2Fv2%2Fmedia&parent=13645"}],"wp:term":[{"taxonomy":"product_cat","embeddable":true,"href":"https:\/\/www.natruly.eu\/index.php?rest_route=%2Fwp%2Fv2%2Fproduct_cat&post=13645"},{"taxonomy":"product_tag","embeddable":true,"href":"https:\/\/www.natruly.eu\/index.php?rest_route=%2Fwp%2Fv2%2Fproduct_tag&post=13645"}],"curies":[{"name":"wp","href":"https:\/\/api.w.org\/{rel}","templated":true}]}}