{"id":8930,"date":"2019-12-29T20:31:27","date_gmt":"2019-12-29T20:31:27","guid":{"rendered":"https:\/\/www.natruly.eu\/?post_type=product&#038;p=8930"},"modified":"2023-05-04T19:55:05","modified_gmt":"2023-05-04T19:55:05","slug":"isotonicum-siberica","status":"publish","type":"product","link":"https:\/\/www.natruly.eu\/?product=isotonicum-siberica","title":{"rendered":"ISOTONICUM SIBERICA"},"content":{"rendered":"<h3><\/h3>\n<h3><span style=\"color: #666666; font-size: 14px;\">Naturalny izotonik, skomponowany na bazie endemicznych ro\u015blin G\u00f3rnego A\u0142taju, dostarczaj\u0105cy sk\u0142adniki od\u017cywcze wymagane do utrzymania poprawnego funkcjonowania organizmu podczas aktywno\u015bci fizycznej. Przyjmowanie naturalnego izotonika przed i w trakcie aktywno\u015bci normalizuje sk\u0142ad oraz lepko\u015b\u0107 krwi podczas treningu, reguluje wymian\u0119 gazow\u0105 pomi\u0119dzy powietrzem p\u0119cherzykowym a krwi\u0105 w naczyniach w\u0142osowatych, prowadzi do r\u00f3wnowagi elektrolit\u00f3w, poprawia wytrzyma\u0142o\u015b\u0107 organizmu, zapobiega zaburzeniom uk\u0142adu sercowo-naczyniowego mog\u0105cym wynikn\u0105\u0107 ze zwi\u0119kszonego obci\u0105\u017cenia organizmu aktywno\u015bci\u0105 fizyczn\u0105.<\/span><\/h3>\n<div class=\"text_exposed_show\">\n<p>Sk\u0142adniki, kt\u00f3re odnajdziemy w saszetce naturalnego izotonika stanowi\u0105 liposomalny zestaw izotoniczny i \u017ar\u00f3d\u0142o elektrolit\u00f3w, kt\u00f3re s\u0105 do\u015b\u0107 szybko uwalniane w jelicie. Liposomy przenikaj\u0105 do \u015bcian jelita i krwiobiegu, uwalniaj\u0105c elektrolity i karnozyn\u0119 (przeciwutleniacz, \u017ar\u00f3d\u0142o glikogenu) do krwi. Pierwsze efekty tego procesu pojawiaj\u0105 si\u0119 ju\u017c po up\u0142ywie 10 minut a nap\u00f3j z jednej saszetki b\u0119dzie od\u017cywia\u0142 organizm przez 2-3 godziny.<\/p>\n<p>&nbsp;<\/p>\n<h3>WYKAZ SK\u0141ADNIK\u00d3W<\/h3>\n<p>Arabinogalaktan z modrzewia syberyjskiego (larix sibirica), suchy sok z korzenia \u0142opianu wi\u0119kszego (arctium lappa), suchy sok z korzenia flebodium z\u0142ocistego (polypodium leucotomos, phlebodium aureum), dihydrokwercetyna, glutation, karnozyna, orotan magnezu, asparaginian potasu, asparaginian wapnia, oligofruktoza, suchy koncentrat \u017curawiny, sproszkowany banan, kwas askorbinowy (witamina C)<\/p>\n<p>&nbsp;<\/p>\n<\/div>\n<h3>WITAMINY I MINERA\u0141Y (1 SASZETKA, 5G)<\/h3>\n<div class=\"text_exposed_show\">\n<p>Karoten 5,0 mg | \u00a0Witamina A 1,0 mg | Witamina E 15,0 mg | Cholina 500 mg | Lizyna 1000 mg \u00a0 Treoina 500 mg | Witamina B1 1,7 mg | Witamina B2 2,0 mg | Witamina B5 5,0 mg | Witamina B6 2,0 mg | Witamina C 70,0 mg | Witamina B9 0,4 mg | Witamina B12 0,003 mg | Witamina H 0,003 mg | Witamina K 0,12 mg | Witamina PP 10,0 mg | Magnez 400,0 mg | Manganian 2,0 mg | Fosfor 800,0 mg | Cynk 12,0 mg | \u017belazo 5,0 mg | Potas 120 mg | Wap\u0144 40,0 mg | Jod 0,05 mg | Selen 0,07 mg | Fluor 1,5 mg<\/p>\n<p>&nbsp;<\/p>\n<\/div>\n<p>&nbsp;<\/p>\n<h3>WARTO\u015aCI OD\u017bYWCZE<\/h3>\n<div class=\"text_exposed_show\">\n<table style=\"width: 680px;\">\n<tbody>\n<tr>\n<td style=\"width: 312px;\"><strong>Informacja \u017cywieniowa<\/strong><\/td>\n<td style=\"width: 186px;\"><strong>1 saszetka<\/strong><\/td>\n<td style=\"width: 174px;\"><strong>100 g<\/strong><\/td>\n<\/tr>\n<tr>\n<td style=\"width: 312px;\">Warto\u015b\u0107 energetyczna<\/td>\n<td style=\"width: 186px;\">9.1 kcal<\/td>\n<td style=\"width: 174px;\">182 kcal<\/td>\n<\/tr>\n<tr>\n<td style=\"width: 312px;\">Bia\u0142ka<\/td>\n<td style=\"width: 186px;\">190 mg<\/td>\n<td style=\"width: 174px;\">3.8 g<\/td>\n<\/tr>\n<tr>\n<td style=\"width: 312px;\">T\u0142uszcze<\/td>\n<td style=\"width: 186px;\">25 mg<\/td>\n<td style=\"width: 174px;\">500 mg<\/td>\n<\/tr>\n<tr>\n<td style=\"width: 312px;\">W\u0119glowodany<\/td>\n<td style=\"width: 186px;\">1.4 mg<\/td>\n<td style=\"width: 174px;\">28 mg<\/td>\n<\/tr>\n<tr>\n<td style=\"width: 312px;\">Kwasy organiczne<\/td>\n<td style=\"width: 186px;\">600 mg<\/td>\n<td style=\"width: 174px;\">12 g<\/td>\n<\/tr>\n<tr>\n<td style=\"width: 312px;\">B\u0142onnik<\/td>\n<td style=\"width: 186px;\">190 mg<\/td>\n<td style=\"width: 174px;\">3.8 g<\/td>\n<\/tr>\n<\/tbody>\n<\/table>\n<p>&nbsp;<\/p>\n<p>&nbsp;<\/p>\n<h3>SPOS\u00d3B U\u017bYCIA<\/h3>\n<p>Jedn\u0105 saszetk\u0119 rozpu\u015bci\u0107 w wodzie o temperaturze pokojowej. Najlepsze efekty uzyska si\u0119 ograniczaj\u0105c ilo\u015b\u0107 wody do przedzia\u0142u 150 \u2013 500 ml (poziom st\u0119\u017cenia nie wp\u0142ywa w \u017caden spos\u00f3b na skuteczno\u015b\u0107 dzia\u0142ania napoju izotonicznego). Nap\u00f3j nale\u017cy wypi\u0107 na godzin\u0119 przed treningiem, co wystarczy do od\u017cywienia organizmu w trakcie 3-godzinnego treningu. Przyjmowanie dodatkowej porcji napoju izotonicznego w trakcie treningu wspomo\u017ce od\u017cywianie organizmu.<\/p>\n<p>&nbsp;<\/p>\n<h3>PRZECIWWSKAZANIA<\/h3>\n<p>Nie wykazano \u017cadnych skutk\u00f3w ubocznych zwi\u0105zanych ze stosowaniem napoju izotonicznego w zalecanych dawkach. Kobiety w ci\u0105\u017cy i karmi\u0105ce piersi\u0105 powinny skontaktowa\u0107 si\u0119 z lekarzem przed przyjmowaniem napoju izotonicznego, gdy\u017c nie zbadano jego wp\u0142ywu na p\u0142\u00f3d i niemowl\u0119ta.<\/p>\n<p>&nbsp;<\/p>\n<h3>SPOS\u00d3B PRZECHOWYWANIA<\/h3>\n<p>Przechowywa\u0107 w miejscu niedost\u0119pnym dla ma\u0142ych dzieci w temperaturze poni\u017cej 25 stopni.<\/p>\n<p>&nbsp;<\/p>\n<h3>ZAWARTO\u015a\u0106 OPAKOWANIA<\/h3>\n<p>20 saszetek po 5 gram\u00f3w<\/p>\n<p>Wyprodukowano w Rosji (A\u0142tajski Kraj).<\/p>\n<\/div>\n<span class=\"et_bloom_bottom_trigger\"><\/span>","protected":false},"excerpt":{"rendered":"<p>Naturalny izotonik, skomponowany na bazie endemicznych ro\u015blin G\u00f3rnego A\u0142taju, dostarczaj\u0105cy sk\u0142adniki od\u017cywcze wymagane do utrzymania poprawnego funkcjonowania organizmu podczas aktywno\u015bci fizycznej. Przyjmowanie napoju izotonicznego przed i w trakcie aktywno\u015bci normalizuje sk\u0142ad oraz lepko\u015b\u0107 krwi podczas treningu, reguluje wymian\u0119 gazow\u0105 pomi\u0119dzy powietrzem p\u0119cherzykowym a krwi\u0105 w naczyniach w\u0142osowatych, prowadzi do r\u00f3wnowagi elektrolit\u00f3w, poprawia wytrzyma\u0142o\u015b\u0107 organizmu, zapobiega zaburzeniom uk\u0142adu sercowo-naczyniowego mog\u0105cym wynikn\u0105\u0107 ze zwi\u0119kszonego obci\u0105\u017cenia organizmu aktywno\u015bci\u0105 fizyczn\u0105.<\/p>\n","protected":false},"featured_media":8924,"comment_status":"open","ping_status":"closed","template":"","meta":{"_et_pb_use_builder":"","_et_pb_old_content":"","_et_gb_content_width":"","_mi_skip_tracking":false,"_monsterinsights_sitenote_active":false,"_monsterinsights_sitenote_note":"","_monsterinsights_sitenote_category":0},"product_cat":[174],"product_tag":[],"yoast_head":"<!-- This site is optimized with the Yoast SEO plugin v21.3 - https:\/\/yoast.com\/wordpress\/plugins\/seo\/ -->\n<title>ISOTONICUM SIBERICA - Naturalny izotonik od NATRULY<\/title>\n<meta name=\"description\" content=\"Naturalny izotonik, skomponowany na bazie ro\u015blin G\u00f3rnego A\u0142taju, od\u017cywiaj\u0105cy organizmupodczas intensywnej aktywno\u015bci fizycznej.\" \/>\n<meta name=\"robots\" content=\"index, follow, max-snippet:-1, max-image-preview:large, max-video-preview:-1\" \/>\n<link rel=\"canonical\" href=\"https:\/\/www.natruly.eu\/?product=isotonicum-siberica\" \/>\n<meta property=\"og:locale\" content=\"pl_PL\" \/>\n<meta property=\"og:type\" content=\"article\" \/>\n<meta property=\"og:title\" content=\"ISOTONICUM SIBERICA - Naturalny izotonik od NATRULY\" \/>\n<meta property=\"og:description\" content=\"Naturalny izotonik, skomponowany na bazie ro\u015blin G\u00f3rnego A\u0142taju, od\u017cywiaj\u0105cy organizmupodczas intensywnej aktywno\u015bci fizycznej.\" \/>\n<meta property=\"og:url\" content=\"https:\/\/www.natruly.eu\/?product=isotonicum-siberica\" \/>\n<meta property=\"og:site_name\" content=\"NATRULY\" \/>\n<meta property=\"article:publisher\" content=\"https:\/\/www.facebook.com\/enklawasmaku\/\" \/>\n<meta property=\"article:modified_time\" content=\"2023-05-04T19:55:05+00:00\" \/>\n<meta property=\"og:image\" content=\"https:\/\/www.natruly.eu\/wp-content\/uploads\/2019\/12\/Isotonicum_2020.png\" \/>\n\t<meta property=\"og:image:width\" content=\"1600\" \/>\n\t<meta property=\"og:image:height\" content=\"1396\" \/>\n\t<meta property=\"og:image:type\" content=\"image\/png\" \/>\n<meta name=\"twitter:card\" content=\"summary_large_image\" \/>\n<meta name=\"twitter:label1\" content=\"Szacowany czas czytania\" \/>\n\t<meta name=\"twitter:data1\" content=\"3 minuty\" \/>\n<script type=\"application\/ld+json\" class=\"yoast-schema-graph\">{\"@context\":\"https:\/\/schema.org\",\"@graph\":[{\"@type\":\"WebPage\",\"@id\":\"https:\/\/www.natruly.eu\/?product=isotonicum-siberica\",\"url\":\"https:\/\/www.natruly.eu\/?product=isotonicum-siberica\",\"name\":\"ISOTONICUM SIBERICA - Naturalny izotonik od NATRULY\",\"isPartOf\":{\"@id\":\"https:\/\/www.natruly.eu\/#website\"},\"datePublished\":\"2019-12-29T20:31:27+00:00\",\"dateModified\":\"2023-05-04T19:55:05+00:00\",\"description\":\"Naturalny izotonik, skomponowany na bazie ro\u015blin G\u00f3rnego A\u0142taju, od\u017cywiaj\u0105cy organizmupodczas intensywnej aktywno\u015bci fizycznej.\",\"breadcrumb\":{\"@id\":\"https:\/\/www.natruly.eu\/?product=isotonicum-siberica#breadcrumb\"},\"inLanguage\":\"pl-PL\",\"potentialAction\":[{\"@type\":\"ReadAction\",\"target\":[\"https:\/\/www.natruly.eu\/?product=isotonicum-siberica\"]}]},{\"@type\":\"BreadcrumbList\",\"@id\":\"https:\/\/www.natruly.eu\/?product=isotonicum-siberica#breadcrumb\",\"itemListElement\":[{\"@type\":\"ListItem\",\"position\":1,\"name\":\"Strona g\u0142\u00f3wna\",\"item\":\"https:\/\/www.natruly.eu\/\"},{\"@type\":\"ListItem\",\"position\":2,\"name\":\"SKLEP\",\"item\":\"https:\/\/www.natruly.eu\/?page_id=1764\"},{\"@type\":\"ListItem\",\"position\":3,\"name\":\"ISOTONICUM SIBERICA\"}]},{\"@type\":\"WebSite\",\"@id\":\"https:\/\/www.natruly.eu\/#website\",\"url\":\"https:\/\/www.natruly.eu\/\",\"name\":\"NATRULY\",\"description\":\"Zdrowie z natury\",\"publisher\":{\"@id\":\"https:\/\/www.natruly.eu\/#organization\"},\"potentialAction\":[{\"@type\":\"SearchAction\",\"target\":{\"@type\":\"EntryPoint\",\"urlTemplate\":\"https:\/\/www.natruly.eu\/?s={search_term_string}\"},\"query-input\":\"required name=search_term_string\"}],\"inLanguage\":\"pl-PL\"},{\"@type\":\"Organization\",\"@id\":\"https:\/\/www.natruly.eu\/#organization\",\"name\":\"NATRULY\",\"url\":\"https:\/\/www.natruly.eu\/\",\"logo\":{\"@type\":\"ImageObject\",\"inLanguage\":\"pl-PL\",\"@id\":\"https:\/\/www.natruly.eu\/#\/schema\/logo\/image\/\",\"url\":\"https:\/\/www.natruly.eu\/wp-content\/uploads\/2017\/10\/natruly-logo.png\",\"contentUrl\":\"https:\/\/www.natruly.eu\/wp-content\/uploads\/2017\/10\/natruly-logo.png\",\"width\":262,\"height\":124,\"caption\":\"NATRULY\"},\"image\":{\"@id\":\"https:\/\/www.natruly.eu\/#\/schema\/logo\/image\/\"},\"sameAs\":[\"https:\/\/www.facebook.com\/enklawasmaku\/\"]}]}<\/script>\n<!-- \/ Yoast SEO plugin. -->","yoast_head_json":{"title":"ISOTONICUM SIBERICA - Naturalny izotonik od NATRULY","description":"Naturalny izotonik, skomponowany na bazie ro\u015blin G\u00f3rnego A\u0142taju, od\u017cywiaj\u0105cy organizmupodczas intensywnej aktywno\u015bci fizycznej.","robots":{"index":"index","follow":"follow","max-snippet":"max-snippet:-1","max-image-preview":"max-image-preview:large","max-video-preview":"max-video-preview:-1"},"canonical":"https:\/\/www.natruly.eu\/?product=isotonicum-siberica","og_locale":"pl_PL","og_type":"article","og_title":"ISOTONICUM SIBERICA - Naturalny izotonik od NATRULY","og_description":"Naturalny izotonik, skomponowany na bazie ro\u015blin G\u00f3rnego A\u0142taju, od\u017cywiaj\u0105cy organizmupodczas intensywnej aktywno\u015bci fizycznej.","og_url":"https:\/\/www.natruly.eu\/?product=isotonicum-siberica","og_site_name":"NATRULY","article_publisher":"https:\/\/www.facebook.com\/enklawasmaku\/","article_modified_time":"2023-05-04T19:55:05+00:00","og_image":[{"width":1600,"height":1396,"url":"https:\/\/www.natruly.eu\/wp-content\/uploads\/2019\/12\/Isotonicum_2020.png","type":"image\/png"}],"twitter_card":"summary_large_image","twitter_misc":{"Szacowany czas czytania":"3 minuty"},"schema":{"@context":"https:\/\/schema.org","@graph":[{"@type":"WebPage","@id":"https:\/\/www.natruly.eu\/?product=isotonicum-siberica","url":"https:\/\/www.natruly.eu\/?product=isotonicum-siberica","name":"ISOTONICUM SIBERICA - Naturalny izotonik od NATRULY","isPartOf":{"@id":"https:\/\/www.natruly.eu\/#website"},"datePublished":"2019-12-29T20:31:27+00:00","dateModified":"2023-05-04T19:55:05+00:00","description":"Naturalny izotonik, skomponowany na bazie ro\u015blin G\u00f3rnego A\u0142taju, od\u017cywiaj\u0105cy organizmupodczas intensywnej aktywno\u015bci fizycznej.","breadcrumb":{"@id":"https:\/\/www.natruly.eu\/?product=isotonicum-siberica#breadcrumb"},"inLanguage":"pl-PL","potentialAction":[{"@type":"ReadAction","target":["https:\/\/www.natruly.eu\/?product=isotonicum-siberica"]}]},{"@type":"BreadcrumbList","@id":"https:\/\/www.natruly.eu\/?product=isotonicum-siberica#breadcrumb","itemListElement":[{"@type":"ListItem","position":1,"name":"Strona g\u0142\u00f3wna","item":"https:\/\/www.natruly.eu\/"},{"@type":"ListItem","position":2,"name":"SKLEP","item":"https:\/\/www.natruly.eu\/?page_id=1764"},{"@type":"ListItem","position":3,"name":"ISOTONICUM SIBERICA"}]},{"@type":"WebSite","@id":"https:\/\/www.natruly.eu\/#website","url":"https:\/\/www.natruly.eu\/","name":"NATRULY","description":"Zdrowie z natury","publisher":{"@id":"https:\/\/www.natruly.eu\/#organization"},"potentialAction":[{"@type":"SearchAction","target":{"@type":"EntryPoint","urlTemplate":"https:\/\/www.natruly.eu\/?s={search_term_string}"},"query-input":"required name=search_term_string"}],"inLanguage":"pl-PL"},{"@type":"Organization","@id":"https:\/\/www.natruly.eu\/#organization","name":"NATRULY","url":"https:\/\/www.natruly.eu\/","logo":{"@type":"ImageObject","inLanguage":"pl-PL","@id":"https:\/\/www.natruly.eu\/#\/schema\/logo\/image\/","url":"https:\/\/www.natruly.eu\/wp-content\/uploads\/2017\/10\/natruly-logo.png","contentUrl":"https:\/\/www.natruly.eu\/wp-content\/uploads\/2017\/10\/natruly-logo.png","width":262,"height":124,"caption":"NATRULY"},"image":{"@id":"https:\/\/www.natruly.eu\/#\/schema\/logo\/image\/"},"sameAs":["https:\/\/www.facebook.com\/enklawasmaku\/"]}]}},"_links":{"self":[{"href":"https:\/\/www.natruly.eu\/index.php?rest_route=\/wp\/v2\/product\/8930"}],"collection":[{"href":"https:\/\/www.natruly.eu\/index.php?rest_route=\/wp\/v2\/product"}],"about":[{"href":"https:\/\/www.natruly.eu\/index.php?rest_route=\/wp\/v2\/types\/product"}],"replies":[{"embeddable":true,"href":"https:\/\/www.natruly.eu\/index.php?rest_route=%2Fwp%2Fv2%2Fcomments&post=8930"}],"wp:featuredmedia":[{"embeddable":true,"href":"https:\/\/www.natruly.eu\/index.php?rest_route=\/wp\/v2\/media\/8924"}],"wp:attachment":[{"href":"https:\/\/www.natruly.eu\/index.php?rest_route=%2Fwp%2Fv2%2Fmedia&parent=8930"}],"wp:term":[{"taxonomy":"product_cat","embeddable":true,"href":"https:\/\/www.natruly.eu\/index.php?rest_route=%2Fwp%2Fv2%2Fproduct_cat&post=8930"},{"taxonomy":"product_tag","embeddable":true,"href":"https:\/\/www.natruly.eu\/index.php?rest_route=%2Fwp%2Fv2%2Fproduct_tag&post=8930"}],"curies":[{"name":"wp","href":"https:\/\/api.w.org\/{rel}","templated":true}]}}